{"id":1138,"date":"2022-03-13T18:54:49","date_gmt":"2022-03-13T17:54:49","guid":{"rendered":"http:\/\/muzikologijaff.si\/gmgm\/?page_id=383"},"modified":"2022-03-13T18:54:49","modified_gmt":"2022-03-13T17:54:49","slug":"edicije-drustva-slovenskih-skladateljev-2-2","status":"publish","type":"page","link":"http:\/\/muzikologijaff.si\/gmgm\/podatkovne-baze\/edicije-drustva-slovenskih-skladateljev-2-2\/","title":{"rendered":"Edicije Dru\u0161tva slovenskih skladateljev"},"content":{"rendered":"<p><a href=\"https:\/\/www.dss.si\/\">Dru\u0161tvo Slovenskih skladateljev<\/a> je prijazno posredovalo svoj seznam skladb, namenjen mladini:<\/p>\n<p>&nbsp;<\/p>\n<table width=\"1626\">\n<tbody>\n<tr>\n<td width=\"83\"><strong>Oznaka <a href=\"https:\/\/www.dss.si\/trgovina.html\">Edicij DSS<\/a><\/strong><\/td>\n<td width=\"99\"><em><strong>Avtor\/ji<\/strong><\/em><\/td>\n<td width=\"115\"><em><strong>Naslov<\/strong><\/em><\/td>\n<td width=\"239\"><em><strong>Posnetek<\/strong><\/em><\/td>\n<\/tr>\n<tr>\n<td width=\"83\">Ed. DSS 2070<\/td>\n<td width=\"99\">ve\u010d avtorjev<\/td>\n<td width=\"115\"><a href=\"https:\/\/www.dss.si\/edicije\/?action=showedition&amp;mod=user&amp;sub=&amp;id=2704&amp;edno=Ed.+DSS+2070&amp;lang=sl\">Sonce \u2013 Zbirka skladb za glas in spremljavo<\/a><\/td>\n<td width=\"239\"><\/td>\n<\/tr>\n<tr>\n<td width=\"83\">Ed. DSS 1651<\/td>\n<td width=\"99\">ve\u010d avtorjev<\/td>\n<td width=\"115\"><a href=\"https:\/\/www.dss.si\/edicije\/?action=showedition&amp;mod=user&amp;id=2515&amp;lang=sl\">Klavir \u0161tiri ro\u010dno<\/a><\/td>\n<td width=\"239\"><\/td>\n<\/tr>\n<tr>\n<td width=\"83\">Ed. DSS 1884<\/td>\n<td width=\"99\">ve\u010d avtorjev<\/td>\n<td width=\"115\"><a href=\"https:\/\/www.dss.si\/edicije\/?action=showedition&amp;mod=user&amp;sub=&amp;id=2517&amp;edno=Ed.+DSS+1884&amp;lang=sl\">Flavta &amp; klavir<\/a><\/td>\n<td width=\"239\"><\/td>\n<\/tr>\n<tr>\n<td width=\"83\">Ed. DSS 1777<\/td>\n<td width=\"99\">ve\u010d avtorjev<\/td>\n<td width=\"115\"><a href=\"https:\/\/www.dss.si\/edicije\/?action=showedition&amp;mod=user&amp;sub=&amp;id=2040&amp;edno=Ed.+DSS+1777&amp;lang=sl\">Zgodnji slovenski samospevi<\/a><\/td>\n<td width=\"239\"><\/td>\n<\/tr>\n<tr>\n<td width=\"83\">Ed. DSS 1987<\/td>\n<td width=\"99\">ve\u010d avtorjev<\/td>\n<td width=\"115\"><a href=\"https:\/\/www.dss.si\/edicije\/?action=showedition&amp;mod=user&amp;sub=&amp;id=2408&amp;edno=Ed.+DSS+1987&amp;lang=sl\">Slovenija! \u2013 Slovenski samospevi in dueti<\/a><\/td>\n<td width=\"239\"><\/td>\n<\/tr>\n<tr>\n<td width=\"83\">Ed. DSS 2214<\/td>\n<td width=\"99\">ve\u010d avtorjev<\/td>\n<td width=\"115\"><a href=\"https:\/\/www.dss.si\/edicije\/?action=showedition&amp;mod=user&amp;sub=&amp;id=2958&amp;edno=Ed.+DSS+2214&amp;lang=sl\">Zbirka skladb za flavto in klavir 2020<\/a><\/td>\n<td width=\"239\"><\/td>\n<\/tr>\n<tr>\n<td width=\"83\">Ed. DSS 2001<\/td>\n<td width=\"99\">ve\u010d avtorjev<\/td>\n<td width=\"115\"><a href=\"https:\/\/www.dss.si\/edicije\/?action=showedition&amp;mod=user&amp;sub=&amp;id=2607&amp;edno=Ed.+DSS+2001&amp;lang=sl\">Oboa &amp; klavir<\/a><\/td>\n<td width=\"239\"><\/td>\n<\/tr>\n<tr>\n<td width=\"83\">Ed. DSS 2004<\/td>\n<td width=\"99\">ve\u010d avtorjev<\/td>\n<td width=\"115\"><a href=\"https:\/\/www.dss.si\/edicije\/?action=showedition&amp;mod=user&amp;sub=&amp;id=2523&amp;edno=Ed.+DSS+2004&amp;lang=sl\">Kolo \u2013 Zbirka samospevov in duetov<\/a><\/td>\n<td width=\"239\"><\/td>\n<\/tr>\n<tr>\n<td width=\"83\">Ed. DSS 1859<\/td>\n<td width=\"99\">ve\u010d avtorjev<\/td>\n<td width=\"115\"><a href=\"https:\/\/www.dss.si\/edicije\/?action=showedition&amp;mod=user&amp;sub=&amp;id=2516&amp;edno=Ed.+DSS+1859&amp;lang=sl\">Slovenski skladatelji mladim pianistom<\/a><\/td>\n<td width=\"239\"><\/td>\n<\/tr>\n<tr>\n<td width=\"83\">Ed. DSS 2209<\/td>\n<td width=\"99\">ve\u010d avtorjev<\/td>\n<td width=\"115\"><a href=\"https:\/\/www.dss.si\/edicije\/?action=showedition&amp;mod=user&amp;sub=&amp;id=2977&amp;edno=Ed.+DSS+2209&amp;lang=sl\">Zbirka slovenskih skladb za kljunasto flavto<\/a><\/td>\n<td width=\"239\"><\/td>\n<\/tr>\n<tr>\n<td width=\"83\">Ed. DSS 2014<\/td>\n<td width=\"99\">ve\u010d avtorjev<\/td>\n<td width=\"115\"><a href=\"https:\/\/www.dss.si\/edicije\/?action=showedition&amp;mod=user&amp;sub=&amp;id=2597&amp;edno=Ed.+DSS+2014&amp;lang=sl\">Razpolo\u017eenja za flavto in klavir<\/a><\/td>\n<td width=\"239\"><\/td>\n<\/tr>\n<tr>\n<td width=\"83\">Ed. DSS 1785<\/td>\n<td width=\"99\">Mojmir Sepe<\/td>\n<td width=\"115\"><a href=\"https:\/\/www.dss.si\/edicije\/?action=showedition&amp;mod=user&amp;sub=&amp;id=878&amp;edno=Ed.+DSS+1785&amp;lang=sl\">Melodije za vselej \u2013 25 skladb za glas in spremljavo<\/a><\/td>\n<td width=\"239\"><\/td>\n<\/tr>\n<tr>\n<td width=\"83\">Ed. DSS 2033<\/td>\n<td width=\"99\">Bojan Adami\u010d<\/td>\n<td width=\"115\"><a href=\"https:\/\/www.dss.si\/edicije\/?action=showedition&amp;mod=user&amp;sub=&amp;id=2645&amp;edno=Ed.+DSS+2033&amp;lang=sl\">Prelepa si bela Ljubljana \u2013 15 skladb za glas in spremljavo<\/a><\/td>\n<td width=\"239\"><\/td>\n<\/tr>\n<tr>\n<td width=\"83\">Ed. DSS 2040<\/td>\n<td width=\"99\">Jo\u017ee Priv\u0161ek<\/td>\n<td width=\"115\"><a href=\"https:\/\/www.dss.si\/edicije\/?action=showedition&amp;mod=user&amp;sub=&amp;id=2703&amp;edno=Ed.+DSS+2040&amp;lang=sl\">Nad mestom se dani \u2013 32 skladb za glas in spremljavo<\/a><\/td>\n<td width=\"239\"><\/td>\n<\/tr>\n<tr>\n<td width=\"83\">Ed. DSS 1831<\/td>\n<td width=\"99\">Jure Robe\u017enik<\/td>\n<td width=\"115\"><a href=\"https:\/\/www.dss.si\/edicije\/?action=showedition&amp;mod=user&amp;id=2166&amp;lang=sl\">Vrtiljak melodij \u2013 30 skladb za glas in spremljavo<\/a><\/td>\n<td width=\"239\"><\/td>\n<\/tr>\n<tr>\n<td width=\"83\">Mc. DSS 141<\/td>\n<td width=\"99\">Toma\u017e Habe<\/td>\n<td width=\"115\"><a href=\"https:\/\/www.dss.si\/edicije\/?action=showedition&amp;mod=user&amp;sub=&amp;id=2686&amp;edno=Mc.+DSS+141&amp;lang=sl\">Tako in tako za klarinet in klavir<\/a><\/td>\n<td width=\"239\"><\/td>\n<\/tr>\n<tr>\n<td width=\"83\">Mc. DSS 143<\/td>\n<td width=\"99\">Toma\u017e Habe<\/td>\n<td width=\"115\"><a href=\"https:\/\/www.dss.si\/edicije\/?action=showedition&amp;mod=user&amp;sub=&amp;id=2688&amp;edno=Mc.+DSS+143&amp;lang=sl\">Zakrite stopinje za alt saksofon in klavir<\/a><\/td>\n<td width=\"239\"><\/td>\n<\/tr>\n<tr>\n<td width=\"83\">Mc. DSS 142<\/td>\n<td width=\"99\">Toma\u017e Habe<\/td>\n<td width=\"115\"><a href=\"https:\/\/www.dss.si\/edicije\/?action=showedition&amp;mod=user&amp;sub=&amp;id=2687&amp;edno=Mc.+DSS+142&amp;lang=sl\">\u017delja za flavto in klavir<\/a><\/td>\n<td width=\"239\"><\/td>\n<\/tr>\n<tr>\n<td width=\"83\">Mc. DSS 136<\/td>\n<td width=\"99\">Tina Mauko<\/td>\n<td width=\"115\"><a href=\"https:\/\/www.dss.si\/edicije\/?action=showedition&amp;mod=user&amp;sub=&amp;id=2683&amp;edno=Mc.+DSS+136&amp;lang=sl\">Pionir\u010dek za klarinet in klavir<\/a><\/td>\n<td width=\"239\"><\/td>\n<\/tr>\n<tr>\n<td width=\"83\">Mc. DSS 138<\/td>\n<td width=\"99\">Tina Mauko<\/td>\n<td width=\"115\"><a href=\"https:\/\/www.dss.si\/edicije\/?action=showedition&amp;mod=user&amp;sub=&amp;id=2685&amp;edno=Mc.+DSS+138&amp;lang=sl\">Romanca za alt saksofon in klavir<\/a><\/td>\n<td width=\"239\"><\/td>\n<\/tr>\n<tr>\n<td width=\"83\">Mc. DSS 137<\/td>\n<td width=\"99\">Mauko Tina<\/td>\n<td width=\"115\"><a href=\"https:\/\/www.dss.si\/edicije\/?action=showedition&amp;mod=user&amp;sub=&amp;id=2684&amp;edno=Mc.+DSS+137&amp;lang=sl\">Sini\u010dka za flavto in klavir<\/a><\/td>\n<td width=\"239\"><\/td>\n<\/tr>\n<tr>\n<td width=\"83\">Mc. DSS<\/td>\n<td width=\"99\">Marijan Mlakar<\/td>\n<td width=\"115\"><a href=\"https:\/\/www.dss.si\/edicije\/?action=showedition&amp;mod=user&amp;sub=&amp;id=2680&amp;edno=Mc.+DSS+147&amp;lang=sl\">Otro\u0161ki jok in smeh za klarinet in klavir<\/a><\/td>\n<td width=\"239\"><\/td>\n<\/tr>\n<tr>\n<td width=\"83\">Mc. DSS 148<\/td>\n<td width=\"99\">Marijan Mlakar<\/td>\n<td width=\"115\"><a href=\"https:\/\/www.dss.si\/edicije\/?action=showedition&amp;mod=user&amp;sub=&amp;id=2682&amp;edno=Mc.+DSS+148&amp;lang=sl\">Polka Style za flavto in klavir<\/a><\/td>\n<td width=\"239\"><\/td>\n<\/tr>\n<tr>\n<td width=\"83\">Mc. DSS 149<\/td>\n<td width=\"99\">Marijan Mlakar<\/td>\n<td width=\"115\"><a href=\"https:\/\/www.dss.si\/edicije\/?action=showedition&amp;mod=user&amp;sub=&amp;id=2681&amp;edno=Mc.+DSS+149&amp;lang=sl\">Saturn za alt saksofon in klavir<\/a><\/td>\n<td width=\"239\"><\/td>\n<\/tr>\n<tr>\n<td width=\"83\">Mc. DSS 140<\/td>\n<td width=\"99\">\u010crt Sojar Voglar<\/td>\n<td width=\"115\"><a href=\"https:\/\/www.dss.si\/edicije\/?action=showedition&amp;mod=user&amp;sub=&amp;id=2676&amp;edno=Mc.+DSS+140&amp;lang=sl\">Ljubljanski val\u010dek za alt saksofon in klavir<\/a><\/td>\n<td width=\"239\"><\/td>\n<\/tr>\n<tr>\n<td width=\"83\">Mc. DSS 139<\/td>\n<td width=\"99\">\u010crt Sojar Voglar<\/td>\n<td width=\"115\"><a href=\"https:\/\/www.dss.si\/edicije\/?action=showedition&amp;mod=user&amp;sub=&amp;id=2677&amp;edno=Mc.+DSS+139&amp;lang=sl\">\u0160ala mala za klarinet in klavir<\/a><\/td>\n<td width=\"239\"><\/td>\n<\/tr>\n<tr>\n<td width=\"83\">Mc. DSS 145<\/td>\n<td width=\"99\">Peter \u0160avli<\/td>\n<td width=\"115\"><a href=\"https:\/\/www.dss.si\/edicije\/?action=showedition&amp;mod=user&amp;sub=&amp;id=2689&amp;edno=Mc.+DSS+145&amp;lang=sl\">Floridus II za flavto in klavir<\/a><\/td>\n<td width=\"239\"><\/td>\n<\/tr>\n<tr>\n<td width=\"83\">Mc. DSS 144<\/td>\n<td width=\"99\">Peter \u0160avli<\/td>\n<td width=\"115\"><a href=\"https:\/\/www.dss.si\/edicije\/?action=showedition&amp;mod=user&amp;sub=&amp;id=2690&amp;edno=Mc.+DSS+144&amp;lang=sl\">Floridus II za klarinet in klavir<\/a><\/td>\n<td width=\"239\"><\/td>\n<\/tr>\n<tr>\n<td width=\"83\">Mc. DSS 146<\/td>\n<td width=\"99\">Peter \u0160avli<\/td>\n<td width=\"115\"><a href=\"https:\/\/www.dss.si\/edicije\/?action=showedition&amp;mod=user&amp;sub=&amp;id=2691&amp;edno=Mc.+DSS+146&amp;lang=sl\">Floridus II za alt saksofon in klavir<\/a><\/td>\n<td width=\"239\"><\/td>\n<\/tr>\n<tr>\n<td width=\"83\">Mc. DSS 207<\/td>\n<td width=\"99\">Katarina Pustinek Rakar<\/td>\n<td width=\"115\"><a href=\"https:\/\/www.dss.si\/edicije\/?action=showedition&amp;mod=user&amp;sub=&amp;id=2799&amp;edno=Mc.+DSS+207&amp;lang=sl\">e.mon@si za flavto in klavir<\/a><\/td>\n<td width=\"239\"><\/td>\n<\/tr>\n<tr>\n<td width=\"83\">Mc. DSS 208<\/td>\n<td width=\"99\">Katarina Pustinek Rakar<\/td>\n<td width=\"115\"><a href=\"https:\/\/www.dss.si\/edicije\/?action=showedition&amp;mod=user&amp;sub=&amp;id=2798&amp;edno=Mc.+DSS+208&amp;lang=sl\">e.mon@si za oboo in klavir<\/a><\/td>\n<td width=\"239\"><\/td>\n<\/tr>\n<tr>\n<td width=\"83\">Mc. DSS 209<\/td>\n<td width=\"99\">Katarina Pustinek Rakar<\/td>\n<td width=\"115\"><a href=\"https:\/\/www.dss.si\/edicije\/?action=showedition&amp;mod=user&amp;sub=&amp;id=2797&amp;edno=Mc.+DSS+209&amp;lang=sl\">e.mon@si za klarinet in klavir<\/a><\/td>\n<td width=\"239\"><\/td>\n<\/tr>\n<tr>\n<td width=\"83\">Mc. DSS 210<\/td>\n<td width=\"99\">Katarina Pustinek Rakar<\/td>\n<td width=\"115\"><a href=\"https:\/\/www.dss.si\/edicije\/?action=showedition&amp;mod=user&amp;sub=&amp;id=2796&amp;edno=Mc.+DSS+210&amp;lang=sl\">e.mon@si za alt saksofon in klavir<\/a><\/td>\n<td width=\"239\"><\/td>\n<\/tr>\n<tr>\n<td width=\"83\">Ed. DSS 206<\/td>\n<td width=\"99\">Marijan Mlakar<\/td>\n<td width=\"115\"><a href=\"https:\/\/www.dss.si\/edicije\/?action=showedition&amp;mod=user&amp;sub=&amp;id=2806&amp;edno=Mc.+DSS+206&amp;lang=sl\">Insects za alt saksofon in klavir<\/a><\/td>\n<td width=\"239\"><\/td>\n<\/tr>\n<tr>\n<td width=\"83\">Mc. DSS 199<\/td>\n<td width=\"99\">Nina \u0160enk<\/td>\n<td width=\"115\"><a href=\"https:\/\/www.dss.si\/edicije\/?action=showedition&amp;mod=user&amp;sub=&amp;id=2800&amp;edno=Mc.+DSS+199&amp;lang=sl\">Impetus II za oboo in klavir<\/a><\/td>\n<td width=\"239\"><\/td>\n<\/tr>\n<tr>\n<td width=\"83\">Mc. DSS 202<\/td>\n<td width=\"99\">Helena Vidic<\/td>\n<td width=\"115\"><a href=\"https:\/\/www.dss.si\/edicije\/?action=showedition&amp;mod=user&amp;sub=&amp;id=2803&amp;edno=Mc.+DSS+202&amp;lang=sl\">Arcturus za klarinet in klavir<\/a><\/td>\n<td width=\"239\"><\/td>\n<\/tr>\n<tr>\n<td width=\"83\">Mc. DSS 203<\/td>\n<td width=\"99\">Helena Vidic<\/td>\n<td width=\"115\"><a href=\"https:\/\/www.dss.si\/edicije\/?action=showedition&amp;mod=user&amp;sub=&amp;id=2802&amp;edno=Mc.+DSS+203&amp;lang=sl\">Arcturus za flavto in klavir<\/a><\/td>\n<td width=\"239\"><\/td>\n<\/tr>\n<tr>\n<td width=\"83\">Mc. DSS 204<\/td>\n<td width=\"99\">Helena Vidic<\/td>\n<td width=\"115\"><a href=\"https:\/\/www.dss.si\/edicije\/?action=showedition&amp;mod=user&amp;sub=&amp;id=2805&amp;edno=Mc.+DSS+204&amp;lang=sl\">Arcturus za oboo in klavir<\/a><\/td>\n<td width=\"239\"><\/td>\n<\/tr>\n<tr>\n<td width=\"83\">Mc. DSS 205<\/td>\n<td width=\"99\">Helena Vidic<\/td>\n<td width=\"115\"><a href=\"https:\/\/www.dss.si\/edicije\/?action=showedition&amp;mod=user&amp;sub=&amp;id=2804&amp;edno=Mc.+DSS+205&amp;lang=sl\">Arcturus za alt saksofon in klavir<\/a><\/td>\n<td width=\"239\"><\/td>\n<\/tr>\n<tr>\n<td width=\"83\">Mc. DSS 269<\/td>\n<td width=\"99\">Matej Bonin<\/td>\n<td width=\"115\"><a href=\"https:\/\/www.dss.si\/edicije\/?action=showedition&amp;mod=user&amp;sub=&amp;id=2901&amp;edno=Mc.+DSS+269&amp;lang=sl\">Momentum II za alt saksofon in klavir<\/a><\/td>\n<td width=\"239\"><\/td>\n<\/tr>\n<tr>\n<td width=\"83\">Ed. DSS 6<\/td>\n<td width=\"99\">Janez Mati\u010di\u010d<\/td>\n<td width=\"115\"><a href=\"https:\/\/www.dss.si\/edicije\/?action=showedition&amp;mod=user&amp;sub=&amp;id=11&amp;edno=Ed.+DSS+6&amp;lang=sl\">Tri skladbe za klavir<\/a><\/td>\n<td width=\"239\"><\/td>\n<\/tr>\n<tr>\n<td width=\"83\">Ed. DSS 471<\/td>\n<td width=\"99\">Janez Mati\u010di\u010d<\/td>\n<td width=\"115\"><a href=\"https:\/\/www.dss.si\/edicije\/?action=showedition&amp;mod=user&amp;id=339&amp;lang=sl\">Intermittences za klavir solo<\/a><\/td>\n<td width=\"239\"><\/td>\n<\/tr>\n<tr>\n<td width=\"83\">Ed. DSS 538<\/td>\n<td width=\"99\">Janez Mati\u010di\u010d<\/td>\n<td width=\"115\"><a href=\"https:\/\/www.dss.si\/edicije\/?action=showedition&amp;mod=user&amp;id=368&amp;lang=sl\">Utripi za klavir<\/a><\/td>\n<td width=\"239\"><\/td>\n<\/tr>\n<tr>\n<td width=\"83\">Ed. DSS 678<\/td>\n<td width=\"99\">Janez Mati\u010di\u010d<\/td>\n<td width=\"115\"><a href=\"https:\/\/www.dss.si\/edicije\/?action=showedition&amp;mod=user&amp;id=414&amp;lang=sl\">Nokturno za klavir<\/a><\/td>\n<td width=\"239\"><\/td>\n<\/tr>\n<tr>\n<td width=\"83\">Ed. 776<\/td>\n<td width=\"99\">Janez Mati\u010di\u010d<\/td>\n<td width=\"115\"><a href=\"https:\/\/www.dss.si\/edicije\/?action=showedition&amp;mod=user&amp;id=442&amp;lang=sl\">Preludiji za klavir<\/a><\/td>\n<td width=\"239\"><\/td>\n<\/tr>\n<tr>\n<td width=\"83\">Mc. DSS 51<\/td>\n<td width=\"99\">Janez Mati\u010di\u010d<\/td>\n<td width=\"115\"><a href=\"https:\/\/www.dss.si\/edicije\/?action=showedition&amp;mod=user&amp;id=1971&amp;lang=sl\">Suita No. 1, op. 7 za klavir<\/a><\/td>\n<td width=\"239\"><\/td>\n<\/tr>\n<tr>\n<td width=\"83\">Ed. DSS 1490<\/td>\n<td width=\"99\">Lojze Lebi\u010d<\/td>\n<td width=\"115\"><a href=\"https:\/\/www.dss.si\/edicije\/?action=showedition&amp;mod=user&amp;sub=&amp;id=707&amp;edno=Ed.+DSS+1490&amp;lang=sl\">Aprilske vinjete za flavto solo<\/a><\/td>\n<td width=\"239\"><a href=\"https:\/\/www.youtube.com\/watch?v=R2wyNdCC0Vw\">II<\/a>, <a href=\"https:\/\/www.youtube.com\/watch?v=p63909at5Zo\">IV<\/a>,<\/td>\n<\/tr>\n<tr>\n<td width=\"83\">Mc. DSS 285<\/td>\n<td width=\"99\">Leon Fir\u0161t<\/td>\n<td width=\"115\"><a href=\"https:\/\/www.dss.si\/edicije\/?action=showedition&amp;mod=user&amp;id=2928&amp;lang=sl\">\u0160kratova skrivnost za violino in klavir<\/a><\/td>\n<td width=\"239\"><\/td>\n<\/tr>\n<tr>\n<td width=\"83\">Ed. DSS 11<\/td>\n<td width=\"99\">Matija Bravni\u010dar<\/td>\n<td width=\"115\"><a href=\"https:\/\/www.dss.si\/edicije\/?action=showedition&amp;mod=user&amp;sub=&amp;id=16&amp;edno=Ed.+DSS+11&amp;lang=sl\">Mladinske skladbe za klavir<\/a><\/td>\n<td width=\"239\"><\/td>\n<\/tr>\n<tr>\n<td width=\"83\">Ed. DSS 813<\/td>\n<td width=\"99\">Lucijan Marija \u0160kerjanc<\/td>\n<td width=\"115\"><a href=\"https:\/\/www.dss.si\/edicije\/?action=showedition&amp;mod=user&amp;sub=&amp;id=464&amp;edno=Ed.+DSS+813&amp;lang=sl\">Tri mladinske skladbe za violino in klavir<\/a><\/td>\n<td width=\"239\"><\/td>\n<\/tr>\n<tr>\n<td width=\"83\">Ed. DSS 812<\/td>\n<td width=\"99\">Lucijan Marija \u0160kerjanc<\/td>\n<td width=\"115\"><a href=\"https:\/\/www.dss.si\/edicije\/?action=showedition&amp;mod=user&amp;sub=&amp;id=462&amp;edno=Ed.+DSS+812&amp;lang=sl\">Deset mladinskih skladbic za klavir<\/a><\/td>\n<td width=\"239\"><\/td>\n<\/tr>\n<tr>\n<td width=\"83\">Ed. DSS 176<\/td>\n<td width=\"99\">Marijan Lipov\u0161ek<\/td>\n<td width=\"115\"><a href=\"https:\/\/www.dss.si\/edicije\/?action=showedition&amp;mod=user&amp;sub=&amp;id=2275&amp;edno=Ed.+DSS+176&amp;lang=sl\">Dvajset mladinskih pesmi za klavir<\/a><\/td>\n<td width=\"239\"><\/td>\n<\/tr>\n<tr>\n<td width=\"83\">Ed. DSS 1296<\/td>\n<td width=\"99\">Ljubo Ran\u010digaj<\/td>\n<td width=\"115\"><a href=\"https:\/\/www.dss.si\/edicije\/?action=showedition&amp;mod=user&amp;sub=&amp;id=628&amp;edno=Ed.+DSS+1296&amp;lang=sl\">Osem mladinskih skladb za klavir<\/a><\/td>\n<td width=\"239\"><\/td>\n<\/tr>\n<tr>\n<td width=\"83\">Ed. DSS 143<\/td>\n<td width=\"99\">Viktor \u0160onc<\/td>\n<td width=\"115\"><a href=\"https:\/\/www.dss.si\/edicije\/?action=showedition&amp;mod=user&amp;sub=&amp;id=121&amp;edno=Ed.+DSS+143&amp;lang=sl\">Veverica za mladinski zbor in klavir \u0161tiriro\u010dno<\/a><\/td>\n<td width=\"239\"><\/td>\n<\/tr>\n<tr>\n<td width=\"83\">Ed. DSS 826<\/td>\n<td width=\"99\">Pavel \u0160ivic<\/td>\n<td width=\"115\"><a href=\"https:\/\/www.dss.si\/edicije\/?action=showedition&amp;mod=user&amp;sub=&amp;id=476&amp;edno=Ed.+DSS+826&amp;lang=sl\">Klavirske skladbice za mladino<\/a><\/td>\n<td width=\"239\"><\/td>\n<\/tr>\n<tr>\n<td width=\"83\">Ed. DSS 704<\/td>\n<td width=\"99\">Lipov\u0161ek Marijan<\/td>\n<td width=\"115\"><a href=\"https:\/\/www.dss.si\/edicije\/?action=showedition&amp;mod=user&amp;sub=&amp;id=2306&amp;edno=Ed.+DSS+704&amp;lang=sl\">13 mladinskih skladb za violino in klavir<\/a><\/td>\n<td width=\"239\"><\/td>\n<\/tr>\n<tr>\n<td width=\"83\">Ed. DSS 960<\/td>\n<td width=\"99\">Ivan \u0160\u010dek<\/td>\n<td width=\"115\"><a href=\"https:\/\/www.dss.si\/edicije\/?action=showedition&amp;mod=user&amp;sub=&amp;id=2315&amp;edno=Ed.+DSS+960&amp;lang=sl\">Mladi solisti \u2013 zbirka skladbic za instrumente v B in klavir<\/a><\/td>\n<td width=\"239\"><\/td>\n<\/tr>\n<tr>\n<td width=\"83\">Ed. DSS 1186<\/td>\n<td width=\"99\">Pavel Mihel\u010di\u010d<\/td>\n<td width=\"115\"><a href=\"https:\/\/www.dss.si\/edicije\/?action=showedition&amp;mod=user&amp;sub=&amp;id=591&amp;edno=Ed.+DSS+1186&amp;lang=sl\">Klavirske skladbe za mladino<\/a><\/td>\n<td width=\"239\"><\/td>\n<\/tr>\n<\/tbody>\n<\/table>\n<p>&nbsp;<\/p>\n<p>&nbsp;<\/p>\n<p>&nbsp;<\/p>\n","protected":false},"excerpt":{"rendered":"<p>Dru\u0161tvo Slovenskih skladateljev je prijazno posredovalo svoj seznam skladb, namenjen mladini: &nbsp; Oznaka Edicij DSS Avtor\/ji Naslov Posnetek Ed. DSS 2070 ve\u010d avtorjev Sonce \u2013 Zbirka skladb za glas in spremljavo Ed. DSS 1651 ve\u010d avtorjev Klavir \u0161tiri ro\u010dno Ed. DSS 1884 ve\u010d avtorjev Flavta &amp; klavir Ed. DSS 1777 ve\u010d avtorjev Zgodnji slovenski samospevi &hellip; <\/p>\n<p class=\"link-more\"><a href=\"http:\/\/muzikologijaff.si\/gmgm\/podatkovne-baze\/edicije-drustva-slovenskih-skladateljev-2-2\/\" class=\"more-link\">Preberi ve\u010d<span class=\"screen-reader-text\"> &#8220;Edicije Dru\u0161tva slovenskih skladateljev&#8221;<\/span><\/a><\/p>\n","protected":false},"author":1,"featured_media":0,"parent":357,"menu_order":0,"comment_status":"closed","ping_status":"closed","template":"","meta":{"_uag_custom_page_level_css":"","_themeisle_gutenberg_block_has_review":false,"footnotes":""},"class_list":["post-1138","page","type-page","status-publish","hentry"],"uagb_featured_image_src":{"full":false,"thumbnail":false,"medium":false,"medium_large":false,"large":false,"1536x1536":false,"2048x2048":false,"twentyseventeen-featured-image":false,"twentyseventeen-thumbnail-avatar":false,"sow-carousel-default":false},"uagb_author_info":{"display_name":"leon","author_link":"http:\/\/muzikologijaff.si\/gmgm\/author\/leon\/"},"uagb_comment_info":0,"uagb_excerpt":"Dru\u0161tvo Slovenskih skladateljev je prijazno posredovalo svoj seznam skladb, namenjen mladini: &nbsp; Oznaka Edicij DSS Avtor\/ji Naslov Posnetek Ed. DSS 2070 ve\u010d avtorjev Sonce \u2013 Zbirka skladb za glas in spremljavo Ed. DSS 1651 ve\u010d avtorjev Klavir \u0161tiri ro\u010dno Ed. DSS 1884 ve\u010d avtorjev Flavta &amp; klavir Ed. DSS 1777 ve\u010d avtorjev Zgodnji slovenski samospevi&hellip;","_links":{"self":[{"href":"http:\/\/muzikologijaff.si\/gmgm\/wp-json\/wp\/v2\/pages\/1138","targetHints":{"allow":["GET"]}}],"collection":[{"href":"http:\/\/muzikologijaff.si\/gmgm\/wp-json\/wp\/v2\/pages"}],"about":[{"href":"http:\/\/muzikologijaff.si\/gmgm\/wp-json\/wp\/v2\/types\/page"}],"author":[{"embeddable":true,"href":"http:\/\/muzikologijaff.si\/gmgm\/wp-json\/wp\/v2\/users\/1"}],"replies":[{"embeddable":true,"href":"http:\/\/muzikologijaff.si\/gmgm\/wp-json\/wp\/v2\/comments?post=1138"}],"version-history":[{"count":0,"href":"http:\/\/muzikologijaff.si\/gmgm\/wp-json\/wp\/v2\/pages\/1138\/revisions"}],"up":[{"embeddable":true,"href":"http:\/\/muzikologijaff.si\/gmgm\/wp-json\/wp\/v2\/pages\/357"}],"wp:attachment":[{"href":"http:\/\/muzikologijaff.si\/gmgm\/wp-json\/wp\/v2\/media?parent=1138"}],"curies":[{"name":"wp","href":"https:\/\/api.w.org\/{rel}","templated":true}]}}