{"id":1325,"date":"2024-09-24T21:14:22","date_gmt":"2024-09-24T20:14:22","guid":{"rendered":"http:\/\/muzikologijaff.si\/gmgm\/?page_id=1325"},"modified":"2025-03-19T10:21:27","modified_gmt":"2025-03-19T09:21:27","slug":"publikacije-2","status":"publish","type":"page","link":"http:\/\/muzikologijaff.si\/gmgm\/publikacije-2\/","title":{"rendered":"Publikacije"},"content":{"rendered":"<div id=\"pl-1325\"  class=\"panel-layout\" ><div id=\"pg-1325-0\"  class=\"panel-grid panel-no-style\" ><div id=\"pgc-1325-0-0\"  class=\"panel-grid-cell\" ><div id=\"panel-1325-0-0-0\" class=\"so-panel widget widget_sow-editor panel-first-child panel-last-child\" data-index=\"0\" ><div\n\t\t\t\n\t\t\tclass=\"so-widget-sow-editor so-widget-sow-editor-base\"\n\t\t\t\n\t\t>\n<div class=\"siteorigin-widget-tinymce textwidget\">\n\t<div class=\"item authors\">\n<div id=\"ez-toc-container\" class=\"ez-toc-v2_0_82_1 counter-hierarchy ez-toc-counter ez-toc-grey ez-toc-container-direction\">\n<div class=\"ez-toc-title-container\">\n<p class=\"ez-toc-title\" style=\"cursor:inherit\">Table of Contents<\/p>\n<span class=\"ez-toc-title-toggle\"><a href=\"#\" class=\"ez-toc-pull-right ez-toc-btn ez-toc-btn-xs ez-toc-btn-default ez-toc-toggle\" aria-label=\"Toggle Table of Content\"><span class=\"ez-toc-js-icon-con\"><span class=\"\"><span class=\"eztoc-hide\" style=\"display:none;\">Toggle<\/span><span class=\"ez-toc-icon-toggle-span\"><svg style=\"fill: #999;color:#999\" xmlns=\"http:\/\/www.w3.org\/2000\/svg\" class=\"list-377408\" width=\"20px\" height=\"20px\" viewBox=\"0 0 24 24\" fill=\"none\"><path d=\"M6 6H4v2h2V6zm14 0H8v2h12V6zM4 11h2v2H4v-2zm16 0H8v2h12v-2zM4 16h2v2H4v-2zm16 0H8v2h12v-2z\" fill=\"currentColor\"><\/path><\/svg><svg style=\"fill: #999;color:#999\" class=\"arrow-unsorted-368013\" xmlns=\"http:\/\/www.w3.org\/2000\/svg\" width=\"10px\" height=\"10px\" viewBox=\"0 0 24 24\" version=\"1.2\" baseProfile=\"tiny\"><path d=\"M18.2 9.3l-6.2-6.3-6.2 6.3c-.2.2-.3.4-.3.7s.1.5.3.7c.2.2.4.3.7.3h11c.3 0 .5-.1.7-.3.2-.2.3-.5.3-.7s-.1-.5-.3-.7zM5.8 14.7l6.2 6.3 6.2-6.3c.2-.2.3-.5.3-.7s-.1-.5-.3-.7c-.2-.2-.4-.3-.7-.3h-11c-.3 0-.5.1-.7.3-.2.2-.3.5-.3.7s.1.5.3.7z\"\/><\/svg><\/span><\/span><\/span><\/a><\/span><\/div>\n<nav><ul class='ez-toc-list ez-toc-list-level-1 ' ><li class='ez-toc-page-1 ez-toc-heading-level-2'><a class=\"ez-toc-link ez-toc-heading-1\" href=\"http:\/\/muzikologijaff.si\/gmgm\/publikacije-2\/#Ivana_Vesic_ur_Lada_Durakovic_Leon_Stefanija_Marija_Golubovic_Sonja_Zdravkova_Djeparoska_Lana_Sehovic_Sonja_Cvetkovic_Julijana_Papazova_Eleni_Novakovska_Vanja_Grbovic_Vesna_Sara_Peno_UMETNOST_ZA_PIONIRE_MLADE_RADNIKE_I_BRIGADIRE_O_aktivnostima_Muzicke_omladine_Jugoslavije_1954%E2%80%931991_Beograd_Ljubljana_Muzikoloski_institut_Srpske_akademije_nauka_i_umetnosti_Znanstvena_zalozba_Filozofske_fakultete_2023\" >Ivana Vesi\u0107 (ur.); Lada Durakovi\u0107; Leon Stefanija, Marija Golubovi\u0107; Sonja Zdravkova Djeparoska; Lana \u0160ehovi\u0107; Sonja Cvetkovi\u0107; Julijana Papazova; Eleni Novakovska; Vanja Grbovi\u0107; Vesna Sara Peno: UMETNOST ZA PIONIRE, MLADE RADNIKE I BRIGADIRE O aktivnostima Muzi\u010dke omladine Jugoslavije (1954\u20131991) . Beograd, Ljubljana: Muzikolo\u0161ki institut Srpske akademije nauka i umetnosti, Znanstvena zalo\u017eba Filozofske fakultete, 2023.<\/a><\/li><li class='ez-toc-page-1 ez-toc-heading-level-2'><a class=\"ez-toc-link ez-toc-heading-2\" href=\"http:\/\/muzikologijaff.si\/gmgm\/publikacije-2\/#Leon_Stefanija_ur_Pricevanja_glasbenikov_tihe_generacije_o_socialisticni_Sloveniji_Ljubljana_Univerza_v_Ljubljani_Filozofska_fakulteta_Glasba_na_Slovenskem_po_1918_2024\" >Leon Stefanija (ur.): Pri\u010devanja glasbenikov tihe generacije o socialisti\u010dni Sloveniji. Ljubljana: Univerza v Ljubljani, Filozofska fakulteta (Glasba na Slovenskem po 1918), 2024.<\/a><\/li><li class='ez-toc-page-1 ez-toc-heading-level-2'><a class=\"ez-toc-link ez-toc-heading-3\" href=\"http:\/\/muzikologijaff.si\/gmgm\/publikacije-2\/#Leon_Stefanija_in_Ivana_Vesic_ur_Glasba_mladih_in_Glasbena_mladina_Slovenije_v_obdobju_1945%E2%80%931991_Univerza_v_Ljubljani_Filozofska_fakulteta_Glasba_na_Slovenskem_po_1918_v_tisku_2025\" >Leon Stefanija in Ivana Vesi\u0107 (ur.). Glasba mladih in Glasbena mladina Slovenije v obdobju 1945\u20131991. Univerza v Ljubljani, Filozofska fakulteta (Glasba na Slovenskem po 1918), v tisku [2025].<\/a><\/li><\/ul><\/nav><\/div>\n<h2 class=\"pkp_screen_reader\"><span class=\"ez-toc-section\" id=\"Ivana_Vesic_ur_Lada_Durakovic_Leon_Stefanija_Marija_Golubovic_Sonja_Zdravkova_Djeparoska_Lana_Sehovic_Sonja_Cvetkovic_Julijana_Papazova_Eleni_Novakovska_Vanja_Grbovic_Vesna_Sara_Peno_UMETNOST_ZA_PIONIRE_MLADE_RADNIKE_I_BRIGADIRE_O_aktivnostima_Muzicke_omladine_Jugoslavije_1954%E2%80%931991_Beograd_Ljubljana_Muzikoloski_institut_Srpske_akademije_nauka_i_umetnosti_Znanstvena_zalozba_Filozofske_fakultete_2023\"><\/span><span style=\"font-size: 1.5rem; color: #333333;\"><a href=\"https:\/\/ebooks.uni-lj.si\/ZalozbaUL\/catalog\/view\/526\/856\/9475\"><img loading=\"lazy\" decoding=\"async\" class=\"alignleft size-medium\" src=\"https:\/\/ebooks.uni-lj.si\/public\/presses\/1\/book_526_cover_en_US_t.jpg\" width=\"247\" height=\"350\" \/><\/a>Ivana Vesi\u0107 (ur.); Lada Durakovi\u0107; Leon Stefanija, Marija Golubovi\u0107; Sonja Zdravkova Djeparoska; Lana \u0160ehovi\u0107; Sonja Cvetkovi\u0107; Julijana Papazova; Eleni Novakovska; Vanja Grbovi\u0107; Vesna Sara Peno: <strong><a href=\"https:\/\/ebooks.uni-lj.si\/ZalozbaUL\/catalog\/view\/526\/856\/9475\">UMETNOST ZA PIONIRE, MLADE RADNIKE I BRIGADIRE O aktivnostima Muzi\u010dke omladine Jugoslavije (1954\u20131991) .<\/a> <\/strong>Beograd, Ljubljana: Muzikolo\u0161ki institut Srpske akademije nauka i umetnosti, Znanstvena zalo\u017eba Filozofske fakultete, 2023.<\/span><span class=\"ez-toc-section-end\"><\/span><\/h2>\n<\/div>\n<h2 class=\"pkp_screen_reader\"><\/h2>\n<h2 class=\"title\"><span class=\"ez-toc-section\" id=\"Leon_Stefanija_ur_Pricevanja_glasbenikov_tihe_generacije_o_socialisticni_Sloveniji_Ljubljana_Univerza_v_Ljubljani_Filozofska_fakulteta_Glasba_na_Slovenskem_po_1918_2024\"><\/span><a href=\" https:\/\/doi.org\/10.4312\/9789612974039\"><img loading=\"lazy\" decoding=\"async\" class=\"alignleft size-medium\" src=\"https:\/\/ebooks.uni-lj.si\/public\/presses\/1\/submission_631_789_coverImage_sl_t.jpg\" width=\"246\" height=\"350\" \/><\/a>Leon Stefanija (ur.): <a href=\"https:\/\/doi.org\/10.4312\/9789612974039\">Pri\u010devanja glasbenikov tihe generacije o socialisti\u010dni Sloveniji.<\/a> Ljubljana: Univerza v Ljubljani, Filozofska fakulteta (Glasba na Slovenskem po 1918), 2024.<span class=\"ez-toc-section-end\"><\/span><\/h2>\n<p>&nbsp;<\/p>\n<h2><span class=\"ez-toc-section\" id=\"Leon_Stefanija_in_Ivana_Vesic_ur_Glasba_mladih_in_Glasbena_mladina_Slovenije_v_obdobju_1945%E2%80%931991_Univerza_v_Ljubljani_Filozofska_fakulteta_Glasba_na_Slovenskem_po_1918_v_tisku_2025\"><\/span>Leon Stefanija in Ivana Vesi\u0107 (ur.). <em>Glasba mladih in Glasbena mladina Slovenije v obdobju 1945\u20131991<\/em>. Univerza v Ljubljani, Filozofska fakulteta (<a href=\"https:\/\/ebooks.uni-lj.si\/ZalozbaUL\/catalog\/series\/glasba\">Glasba na Slovenskem po 1918<\/a>), v tisku [2025].<span class=\"ez-toc-section-end\"><\/span><\/h2>\n<\/div>\n<\/div><\/div><\/div><\/div><\/div>","protected":false},"excerpt":{"rendered":"<p>Ivana Vesi\u0107 (ur.); Lada Durakovi\u0107; Leon Stefanija, Marija Golubovi\u0107; Sonja Zdravkova Djeparoska; Lana \u0160ehovi\u0107; Sonja Cvetkovi\u0107; Julijana Papazova; Eleni Novakovska; Vanja Grbovi\u0107; Vesna Sara Peno: UMETNOST ZA PIONIRE, MLADE RADNIKE I BRIGADIRE O aktivnostima Muzi\u010dke omladine Jugoslavije (1954\u20131991) . Beograd, Ljubljana: Muzikolo\u0161ki institut Srpske akademije nauka i umetnosti, Znanstvena zalo\u017eba Filozofske fakultete, 2023. Leon Stefanija &hellip; <\/p>\n<p class=\"link-more\"><a href=\"http:\/\/muzikologijaff.si\/gmgm\/publikacije-2\/\" class=\"more-link\">Preberi ve\u010d<span class=\"screen-reader-text\"> &#8220;Publikacije&#8221;<\/span><\/a><\/p>\n","protected":false},"author":1,"featured_media":0,"parent":0,"menu_order":0,"comment_status":"closed","ping_status":"closed","template":"","meta":{"_uag_custom_page_level_css":"","_themeisle_gutenberg_block_has_review":false,"footnotes":""},"class_list":["post-1325","page","type-page","status-publish","hentry"],"uagb_featured_image_src":{"full":false,"thumbnail":false,"medium":false,"medium_large":false,"large":false,"1536x1536":false,"2048x2048":false,"twentyseventeen-featured-image":false,"twentyseventeen-thumbnail-avatar":false,"sow-carousel-default":false},"uagb_author_info":{"display_name":"leon","author_link":"http:\/\/muzikologijaff.si\/gmgm\/author\/leon\/"},"uagb_comment_info":0,"uagb_excerpt":"Ivana Vesi\u0107 (ur.); Lada Durakovi\u0107; Leon Stefanija, Marija Golubovi\u0107; Sonja Zdravkova Djeparoska; Lana \u0160ehovi\u0107; Sonja Cvetkovi\u0107; Julijana Papazova; Eleni Novakovska; Vanja Grbovi\u0107; Vesna Sara Peno: UMETNOST ZA PIONIRE, MLADE RADNIKE I BRIGADIRE O aktivnostima Muzi\u010dke omladine Jugoslavije (1954\u20131991) . Beograd, Ljubljana: Muzikolo\u0161ki institut Srpske akademije nauka i umetnosti, Znanstvena zalo\u017eba Filozofske fakultete, 2023. Leon Stefanija&hellip;","_links":{"self":[{"href":"http:\/\/muzikologijaff.si\/gmgm\/wp-json\/wp\/v2\/pages\/1325","targetHints":{"allow":["GET"]}}],"collection":[{"href":"http:\/\/muzikologijaff.si\/gmgm\/wp-json\/wp\/v2\/pages"}],"about":[{"href":"http:\/\/muzikologijaff.si\/gmgm\/wp-json\/wp\/v2\/types\/page"}],"author":[{"embeddable":true,"href":"http:\/\/muzikologijaff.si\/gmgm\/wp-json\/wp\/v2\/users\/1"}],"replies":[{"embeddable":true,"href":"http:\/\/muzikologijaff.si\/gmgm\/wp-json\/wp\/v2\/comments?post=1325"}],"version-history":[{"count":12,"href":"http:\/\/muzikologijaff.si\/gmgm\/wp-json\/wp\/v2\/pages\/1325\/revisions"}],"predecessor-version":[{"id":1440,"href":"http:\/\/muzikologijaff.si\/gmgm\/wp-json\/wp\/v2\/pages\/1325\/revisions\/1440"}],"wp:attachment":[{"href":"http:\/\/muzikologijaff.si\/gmgm\/wp-json\/wp\/v2\/media?parent=1325"}],"curies":[{"name":"wp","href":"https:\/\/api.w.org\/{rel}","templated":true}]}}