{"id":1435,"date":"2025-03-19T10:12:58","date_gmt":"2025-03-19T09:12:58","guid":{"rendered":"http:\/\/muzikologijaff.si\/gmgm\/?page_id=1435"},"modified":"2025-03-19T10:12:58","modified_gmt":"2025-03-19T09:12:58","slug":"pogovori","status":"publish","type":"page","link":"http:\/\/muzikologijaff.si\/gmgm\/pogovori\/","title":{"rendered":"Pogovori"},"content":{"rendered":"<div id=\"pl-1435\"  class=\"panel-layout\" ><div id=\"pg-1435-0\"  class=\"panel-grid panel-no-style\" ><div id=\"pgc-1435-0-0\"  class=\"panel-grid-cell\" ><div id=\"panel-1435-0-0-0\" class=\"so-panel widget widget_black-studio-tinymce widget_black_studio_tinymce panel-first-child panel-last-child\" data-index=\"0\" ><h3 class=\"widget-title\">Pogovori o glasbi mladih in otro\u0161ki glasbi<\/h3><div class=\"textwidget\"><div class=\"item authors\"><\/div>\n<p>Prepisi (strojni) vseh pogovorov so dostopni TUKAJ.<\/p>\n<p>Lela Berkopec in Magda Zaplotnik sta bili dolgoletni urednici za mladinsko glasbo na Radiu Slovenija, 1. 4. 2022. Pogovarjala sta se Marko Prpi\u010d in Leon Stefanija.<br \/>\n<iframe loading=\"lazy\" title=\"YouTube video player\" src=\"https:\/\/www.youtube.com\/embed\/XAq7AgQxzYk?si=JCoyzGcCuRzgx32x\" width=\"560\" height=\"315\" frameborder=\"0\" allowfullscreen=\"allowfullscreen\" data-mce-fragment=\"1\"><\/iframe><\/p>\n<p>Kaja \u0160ivic in Roman Ravni\u010d, dolgoletna sodelavca\u00a0 Glasbene mladine Slovenije, 15. 4. 2022. Pogovarjala sta se Marko Prpi\u010d in Leon Stefanija.<br \/>\n<iframe loading=\"lazy\" title=\"YouTube video player\" src=\"https:\/\/www.youtube.com\/embed\/kTZEtJdhNrQ?si=GqyJJppjKuAtV1UT\" width=\"560\" height=\"315\" frameborder=\"0\" allowfullscreen=\"allowfullscreen\" data-mce-fragment=\"1\"><\/iframe><\/p>\n<p>Ekloga (1969) za klarinet in orkester Vladimira Lovca.<br \/>\n<iframe loading=\"lazy\" title=\"YouTube video player\" src=\"https:\/\/www.youtube.com\/embed\/7Jqzm-1htTs?si=wtyb8C5FxKzQaAhq\" width=\"560\" height=\"315\" frameborder=\"0\" allowfullscreen=\"allowfullscreen\" data-mce-fragment=\"1\"><\/iframe><br \/>\nVesna Volk, urednica za mladinsko glasbo na Tretjem programu Radia Slovenije. Pogovor 31. 1. 2023.<\/p>\n<p><iframe loading=\"lazy\" title=\"YouTube video player\" src=\"https:\/\/www.youtube.com\/embed\/e8z19jcWDc0?si=oE_jdGE3gaxVAclD\" width=\"560\" height=\"315\" frameborder=\"0\" allowfullscreen=\"allowfullscreen\" data-mce-fragment=\"1\"><\/iframe><\/p>\n<p>Matej Jevni\u0161ek, urednik za mladinsko glasbo na Radiu Slovenija.\u00a0Pogovor 22. 2. 2023.<\/p>\n<p><iframe loading=\"lazy\" title=\"YouTube video player\" src=\"https:\/\/www.youtube.com\/embed\/jqE-DwTeiAw?si=qnvC1Tqp_qR9UUJj\" width=\"560\" height=\"315\" frameborder=\"0\" allowfullscreen=\"allowfullscreen\" data-mce-fragment=\"1\"><\/iframe><\/p>\n<p>Intervju z Markom Prpi\u010dem, glasbenim urednikom na \u00a0Radiu glas Ljubljane, kasneje je imel ve\u010d delovnih vlog na RTV Slovenija, kjer je bil med drugim pomo\u010dnik urednikov razvedrilnega in informativno-izobra\u017eevalnega programa in svetovalec generalnega direktorja, zaslu\u017een pa je za prvo spletno stran Zavoda RTV Slovenija. Pogovor je potekal spomladi 2023.<\/p>\n<p><iframe loading=\"lazy\" title=\"YouTube video player\" src=\"https:\/\/www.youtube.com\/embed\/hS4gVLyp2L0?si=UXojN-8sq-AnblYd\" width=\"560\" height=\"315\" frameborder=\"0\" allowfullscreen=\"allowfullscreen\" data-mce-fragment=\"1\"><\/iframe><\/p>\n<p>Pogovor z zaslu\u017enim profesorjem Akademije za glasbo, skladateljem, aran\u017eerjem in violinistom Janijem Golobom je potekal 25. 10. 2023 v predavalnici Oddelka za muzikologijo FF UL.<\/p>\n<p><iframe loading=\"lazy\" title=\"YouTube video player\" src=\"https:\/\/www.youtube.com\/embed\/EACoOsSXHyA?si=jlcsNt3ZOg1B-Ruo\" width=\"560\" height=\"315\" frameborder=\"0\" allowfullscreen=\"allowfullscreen\" data-mce-fragment=\"1\"><\/iframe><\/p>\n<p>Pogovor z Jerkom Novakom, kitaristom in profesorjem kitare, avtorjem glasbe legendarnih otro\u0161kih ciklov Kajetana Kovi\u010da Zlata ladja in Ma\u010dek Muri, je potekal 8. 11. 2023.<\/p>\n<p><iframe loading=\"lazy\" title=\"YouTube video player\" src=\"https:\/\/www.youtube.com\/embed\/KkrWU-jumaY?si=7S7oU4hCroBKI_uD\" width=\"560\" height=\"315\" frameborder=\"0\" allowfullscreen=\"allowfullscreen\" data-mce-fragment=\"1\"><\/iframe><\/p>\n<p>Pogovor z Du\u0161anom Hrenom je potekal 15. 11. 2023 v predavalnici Oddelka za muzikologijo FF UL.<\/p>\n<p><iframe loading=\"lazy\" title=\"YouTube video player\" src=\"https:\/\/www.youtube.com\/embed\/KkrWU-jumaY?si=GWHqPYmrKNWe0Ni1\" width=\"560\" height=\"315\" frameborder=\"0\" allowfullscreen=\"allowfullscreen\" data-mce-fragment=\"1\"><\/iframe><\/p>\n<p>Pogovor s profesorjem Toma\u017eem Habetom je potekal 22. 11. 2023 v predavalnici Oddelka za muzikologijo FF UL.<\/p>\n<p><iframe loading=\"lazy\" title=\"YouTube video player\" src=\"https:\/\/www.youtube.com\/embed\/EzhXEbD-WVc?si=ayDgEMtrSG0CX2DB\" width=\"560\" height=\"315\" frameborder=\"0\" allowfullscreen=\"allowfullscreen\" data-mce-fragment=\"1\"><\/iframe><\/p>\n<\/div><\/div><\/div><\/div><\/div>","protected":false},"excerpt":{"rendered":"<p>Prepisi (strojni) vseh pogovorov so dostopni TUKAJ. Lela Berkopec in Magda Zaplotnik sta bili dolgoletni urednici za mladinsko glasbo na Radiu Slovenija, 1. 4. 2022. Pogovarjala sta se Marko Prpi\u010d in Leon Stefanija. Kaja \u0160ivic in Roman Ravni\u010d, dolgoletna sodelavca\u00a0 Glasbene mladine Slovenije, 15. 4. 2022. Pogovarjala sta se Marko Prpi\u010d in Leon Stefanija. Ekloga &hellip; <\/p>\n<p class=\"link-more\"><a href=\"http:\/\/muzikologijaff.si\/gmgm\/pogovori\/\" class=\"more-link\">Preberi ve\u010d<span class=\"screen-reader-text\"> &#8220;Pogovori&#8221;<\/span><\/a><\/p>\n","protected":false},"author":1,"featured_media":0,"parent":0,"menu_order":0,"comment_status":"closed","ping_status":"closed","template":"","meta":{"_uag_custom_page_level_css":"","_themeisle_gutenberg_block_has_review":false,"footnotes":""},"class_list":["post-1435","page","type-page","status-publish","hentry"],"uagb_featured_image_src":{"full":false,"thumbnail":false,"medium":false,"medium_large":false,"large":false,"1536x1536":false,"2048x2048":false,"twentyseventeen-featured-image":false,"twentyseventeen-thumbnail-avatar":false,"sow-carousel-default":false},"uagb_author_info":{"display_name":"leon","author_link":"http:\/\/muzikologijaff.si\/gmgm\/author\/leon\/"},"uagb_comment_info":0,"uagb_excerpt":"Prepisi (strojni) vseh pogovorov so dostopni TUKAJ. Lela Berkopec in Magda Zaplotnik sta bili dolgoletni urednici za mladinsko glasbo na Radiu Slovenija, 1. 4. 2022. Pogovarjala sta se Marko Prpi\u010d in Leon Stefanija. Kaja \u0160ivic in Roman Ravni\u010d, dolgoletna sodelavca\u00a0 Glasbene mladine Slovenije, 15. 4. 2022. Pogovarjala sta se Marko Prpi\u010d in Leon Stefanija. Ekloga&hellip;","_links":{"self":[{"href":"http:\/\/muzikologijaff.si\/gmgm\/wp-json\/wp\/v2\/pages\/1435","targetHints":{"allow":["GET"]}}],"collection":[{"href":"http:\/\/muzikologijaff.si\/gmgm\/wp-json\/wp\/v2\/pages"}],"about":[{"href":"http:\/\/muzikologijaff.si\/gmgm\/wp-json\/wp\/v2\/types\/page"}],"author":[{"embeddable":true,"href":"http:\/\/muzikologijaff.si\/gmgm\/wp-json\/wp\/v2\/users\/1"}],"replies":[{"embeddable":true,"href":"http:\/\/muzikologijaff.si\/gmgm\/wp-json\/wp\/v2\/comments?post=1435"}],"version-history":[{"count":1,"href":"http:\/\/muzikologijaff.si\/gmgm\/wp-json\/wp\/v2\/pages\/1435\/revisions"}],"predecessor-version":[{"id":1436,"href":"http:\/\/muzikologijaff.si\/gmgm\/wp-json\/wp\/v2\/pages\/1435\/revisions\/1436"}],"wp:attachment":[{"href":"http:\/\/muzikologijaff.si\/gmgm\/wp-json\/wp\/v2\/media?parent=1435"}],"curies":[{"name":"wp","href":"https:\/\/api.w.org\/{rel}","templated":true}]}}