{"id":22,"date":"2021-11-24T19:21:14","date_gmt":"2021-11-24T18:21:14","guid":{"rendered":"http:\/\/muzikologijaff.si\/gmgm\/?page_id=22"},"modified":"2021-11-24T19:21:14","modified_gmt":"2021-11-24T18:21:14","slug":"faze-projekta","status":"publish","type":"page","link":"http:\/\/muzikologijaff.si\/gmgm\/o-projektu\/faze-projekta\/","title":{"rendered":"Faze projekta in njihova realizacija"},"content":{"rendered":"<div id=\"pl-22\"  class=\"panel-layout\" ><div id=\"pg-22-0\"  class=\"panel-grid panel-no-style\" ><div id=\"pgc-22-0-0\"  class=\"panel-grid-cell\" ><div id=\"panel-22-0-0-0\" class=\"so-panel widget widget_black-studio-tinymce widget_black_studio_tinymce panel-first-child panel-last-child\" data-index=\"0\" ><div id=\"ez-toc-container\" class=\"ez-toc-v2_0_82_1 counter-hierarchy ez-toc-counter ez-toc-grey ez-toc-container-direction\">\n<div class=\"ez-toc-title-container\">\n<p class=\"ez-toc-title\" style=\"cursor:inherit\">Table of Contents<\/p>\n<span class=\"ez-toc-title-toggle\"><a href=\"#\" class=\"ez-toc-pull-right ez-toc-btn ez-toc-btn-xs ez-toc-btn-default ez-toc-toggle\" aria-label=\"Toggle Table of Content\"><span class=\"ez-toc-js-icon-con\"><span class=\"\"><span class=\"eztoc-hide\" style=\"display:none;\">Toggle<\/span><span class=\"ez-toc-icon-toggle-span\"><svg style=\"fill: #999;color:#999\" xmlns=\"http:\/\/www.w3.org\/2000\/svg\" class=\"list-377408\" width=\"20px\" height=\"20px\" viewBox=\"0 0 24 24\" fill=\"none\"><path d=\"M6 6H4v2h2V6zm14 0H8v2h12V6zM4 11h2v2H4v-2zm16 0H8v2h12v-2zM4 16h2v2H4v-2zm16 0H8v2h12v-2z\" fill=\"currentColor\"><\/path><\/svg><svg style=\"fill: #999;color:#999\" class=\"arrow-unsorted-368013\" xmlns=\"http:\/\/www.w3.org\/2000\/svg\" width=\"10px\" height=\"10px\" viewBox=\"0 0 24 24\" version=\"1.2\" baseProfile=\"tiny\"><path d=\"M18.2 9.3l-6.2-6.3-6.2 6.3c-.2.2-.3.4-.3.7s.1.5.3.7c.2.2.4.3.7.3h11c.3 0 .5-.1.7-.3.2-.2.3-.5.3-.7s-.1-.5-.3-.7zM5.8 14.7l6.2 6.3 6.2-6.3c.2-.2.3-.5.3-.7s-.1-.5-.3-.7c-.2-.2-.4-.3-.7-.3h-11c-.3 0-.5.1-.7.3-.2.2-.3.5-.3.7s.1.5.3.7z\"\/><\/svg><\/span><\/span><\/span><\/a><\/span><\/div>\n<nav><ul class='ez-toc-list ez-toc-list-level-1 ' ><li class='ez-toc-page-1 ez-toc-heading-level-3'><a class=\"ez-toc-link ez-toc-heading-1\" href=\"http:\/\/muzikologijaff.si\/gmgm\/o-projektu\/faze-projekta\/#Casovnica\" >\u010casovnica<\/a><\/li><li class='ez-toc-page-1 ez-toc-heading-level-3'><a class=\"ez-toc-link ez-toc-heading-2\" href=\"http:\/\/muzikologijaff.si\/gmgm\/o-projektu\/faze-projekta\/#Postavke_casovnice\" >Postavke \u010dasovnice<\/a><\/li><li class='ez-toc-page-1 ez-toc-heading-level-3'><a class=\"ez-toc-link ez-toc-heading-3\" href=\"http:\/\/muzikologijaff.si\/gmgm\/o-projektu\/faze-projekta\/#Mednarodni_simpozij_International_Symposium_Youth_Music_since_1945_Jeunesse_Musicale\" >Mednarodni simpozij * International Symposium: Youth Music since 1945 &#038; Jeunesse Musicale<\/a><\/li><li class='ez-toc-page-1 ez-toc-heading-level-3'><a class=\"ez-toc-link ez-toc-heading-4\" href=\"http:\/\/muzikologijaff.si\/gmgm\/o-projektu\/faze-projekta\/#Vabilo_k_oddaji_rokopisov_za_zbornik_Invitation_to_contribute_book_chapters\" >Vabilo k oddaji rokopisov za zbornik * Invitation to contribute book chapters<\/a><\/li><li class='ez-toc-page-1 ez-toc-heading-level-3'><a class=\"ez-toc-link ez-toc-heading-5\" href=\"http:\/\/muzikologijaff.si\/gmgm\/o-projektu\/faze-projekta\/#Individualni_nacrt_za_tretje_leto\" >Individualni na\u010drt za tretje leto<\/a><\/li><li class='ez-toc-page-1 ez-toc-heading-level-3'><a class=\"ez-toc-link ez-toc-heading-6\" href=\"http:\/\/muzikologijaff.si\/gmgm\/o-projektu\/faze-projekta\/#Pogovori_o_otroski_in_mladinski_glasbi_2023\" >Pogovori o otro\u0161ki in mladinski glasbi 2023<\/a><\/li><li class='ez-toc-page-1 ez-toc-heading-level-3'><a class=\"ez-toc-link ez-toc-heading-7\" href=\"http:\/\/muzikologijaff.si\/gmgm\/o-projektu\/faze-projekta\/#Jugoslovanske_studije_kdo_kaj_kako_zakaj_zdaj_in_kaj_potem\" >Jugoslovanske \u0161tudije: kdo, kaj, kako, zakaj zdaj in kaj potem?<\/a><\/li><\/ul><\/nav><\/div>\n<h3 class=\"widget-title\"><span class=\"ez-toc-section\" id=\"Casovnica\"><\/span>\u010casovnica<span class=\"ez-toc-section-end\"><\/span><\/h3><div class=\"textwidget\"><p><div class=\"ead-preview\"><div class=\"ead-document\" style=\"position: relative;\"><iframe src=\"\/\/view.officeapps.live.com\/op\/embed.aspx?src=http%3A%2F%2Fmuzikologijaff.si%2Fgmgm%2Fwp-content%2Fuploads%2Fsites%2F7%2F2021%2F12%2FCasovnica_splet.xlsx\" title=\"Embedded Document\" class=\"ead-iframe\" style=\"width: 100%;height: 50%;border: none;min-height: 500px;\"><\/iframe><\/div><p class=\"embed_download\"><a href=\"http:\/\/muzikologijaff.si\/gmgm\/wp-content\/uploads\/sites\/7\/2021\/12\/Casovnica_splet.xlsx\" download>Nalo\u017ei * Download [12.86 KB] <\/a><\/p><\/div><\/p>\n<\/div><\/div><\/div><\/div><div id=\"pg-22-1\"  class=\"panel-grid panel-no-style\" ><div id=\"pgc-22-1-0\"  class=\"panel-grid-cell\" ><div id=\"panel-22-1-0-0\" class=\"so-panel widget widget_sow-post-carousel panel-first-child panel-last-child\" data-index=\"1\" ><div\n\t\t\t\n\t\t\tclass=\"so-widget-sow-post-carousel so-widget-sow-post-carousel-base-2e36e8438325-22\"\n\t\t\t\n\t\t>\t<div\n\t\tclass=\"sow-post-carousel-wrapper sow-post-carousel-theme-base\"\n\t\tstyle=\"overflow: hidden; max-width: 100%; \"\n\t>\n\t\t<div class=\"sow-carousel-title has-title\">\n\t<h3 class=\"widget-title\"><span class=\"ez-toc-section\" id=\"Postavke_casovnice\"><\/span>Postavke \u010dasovnice<span class=\"ez-toc-section-end\"><\/span><\/h3>\t\t<div class=\"sow-carousel-navigation \">\n\t\t\t\t\t\t<a href=\"#\" class=\"sow-carousel-next\" title=\"Next\" aria-label=\"Next Posts\" role=\"button\"><\/a>\n\t\t\t\t\t\t<a href=\"#\" class=\"sow-carousel-previous\" title=\"Previous\" aria-label=\"Previous Posts\" role=\"button\"><\/a>\n\t\t\t\t\t<\/div>\n\t<\/div>\n\n<div class=\"sow-carousel-container \">\n\t\t<div class=\"sow-carousel-wrapper\"\n\t\tdata-dir=\"ltr\"\n\t\tstyle=\"opacity: 0;\"\n\t\tdata-widget=\"post\" data-fetching=\"false\" data-page=\"1\" data-ajax-url=\"http:\/\/muzikologijaff.si\/gmgm\/wp-admin\/admin-ajax.php?_widgets_nonce=32bc94dd26\" data-item_count=\"11\" data-carousel_settings=\"{&quot;loop&quot;:true,&quot;animation&quot;:&quot;Ease&quot;,&quot;animation_speed&quot;:400,&quot;autoplay&quot;:&quot;&quot;,&quot;pauseOnHover&quot;:&quot;&quot;,&quot;autoplaySpeed&quot;:8000,&quot;item_overflow&quot;:true,&quot;autoplay_continuous_scroll&quot;:false}\" data-responsive=\"{&quot;desktop_slides_to_scroll&quot;:1,&quot;tablet_landscape_breakpoint&quot;:1366,&quot;tablet_landscape_slides_to_scroll&quot;:2,&quot;tablet_portrait_breakpoint&quot;:1025,&quot;tablet_portrait_slides_to_scroll&quot;:2,&quot;mobile_breakpoint&quot;:480,&quot;mobile_slides_to_scroll&quot;:1}\" data-variable_width=\"true\" \t>\n\t\t<div\n\t\t\tclass=\"sow-carousel-items\"\n\t\t\t\t\t>\n\t\t\t\t<div class=\"sow-carousel-item\" tabindex=\"-1\" style=\"float: left;\">\n\t\t<div class=\"sow-carousel-thumbnail\">\n\t\t\t\t\t\t\t<a\n\t\t\t\t\thref=\"http:\/\/muzikologijaff.si\/gmgm\/mednarodni-simpozij-international-symposium-youth-music-jeunesse-musicale\/\"\n\t\t\t\t\tclass=\"sow-carousel-default-thumbnail\"\n\t\t\t\t\ttarget=\"_blank\" rel=\"noopener noreferrer\"\t\t\t\t\t\t\t\t\t\taria-labelledby=\"sow-carousel-id-1283\"\n\t\t\t\t\ttabindex=\"-1\"\n\t\t\t\t>\n\t\t\t\t\t<span class=\"overlay\"><\/span>\n\t\t\t\t<\/a>\n\t\t\t\t\t<\/div>\n\t\t<h3 class=\"sow-carousel-item-title\"><span class=\"ez-toc-section\" id=\"Mednarodni_simpozij_International_Symposium_Youth_Music_since_1945_Jeunesse_Musicale\"><\/span>\n\t\t\t<a\n\t\t\t\thref=\"http:\/\/muzikologijaff.si\/gmgm\/mednarodni-simpozij-international-symposium-youth-music-jeunesse-musicale\/\"\n\t\t\t\tid=\"sow-carousel-id-1283\"\n\t\t\t\ttarget=\"_blank\" rel=\"noopener noreferrer\"\t\t\t\ttabindex=\"-1\"\n\t\t\t>\n\n\t\t\t\tMednarodni simpozij * International Symposium: Youth Music since 1945 &#038; Jeunesse Musicale\t\t\t<\/a>\n\t\t<span class=\"ez-toc-section-end\"><\/span><\/h3>\n\t<\/div>\n\t\t<div class=\"sow-carousel-item\" tabindex=\"-1\" style=\"float: left;\">\n\t\t<div class=\"sow-carousel-thumbnail\">\n\t\t\t\t\t\t\t<a\n\t\t\t\t\thref=\"http:\/\/muzikologijaff.si\/gmgm\/vabilo-k-oddaji-rokopisov-za-zbornik-invitation-to-contribute-book-chapters\/\"\n\t\t\t\t\tclass=\"sow-carousel-default-thumbnail\"\n\t\t\t\t\ttarget=\"_blank\" rel=\"noopener noreferrer\"\t\t\t\t\t\t\t\t\t\taria-labelledby=\"sow-carousel-id-1253\"\n\t\t\t\t\ttabindex=\"-1\"\n\t\t\t\t>\n\t\t\t\t\t<span class=\"overlay\"><\/span>\n\t\t\t\t<\/a>\n\t\t\t\t\t<\/div>\n\t\t<h3 class=\"sow-carousel-item-title\"><span class=\"ez-toc-section\" id=\"Vabilo_k_oddaji_rokopisov_za_zbornik_Invitation_to_contribute_book_chapters\"><\/span>\n\t\t\t<a\n\t\t\t\thref=\"http:\/\/muzikologijaff.si\/gmgm\/vabilo-k-oddaji-rokopisov-za-zbornik-invitation-to-contribute-book-chapters\/\"\n\t\t\t\tid=\"sow-carousel-id-1253\"\n\t\t\t\ttarget=\"_blank\" rel=\"noopener noreferrer\"\t\t\t\ttabindex=\"-1\"\n\t\t\t>\n\n\t\t\t\tVabilo k oddaji rokopisov za zbornik * Invitation to contribute book chapters\t\t\t<\/a>\n\t\t<span class=\"ez-toc-section-end\"><\/span><\/h3>\n\t<\/div>\n\t\t<div class=\"sow-carousel-item\" tabindex=\"-1\" style=\"float: left;\">\n\t\t<div class=\"sow-carousel-thumbnail\">\n\t\t\t\t\t\t\t<a\n\t\t\t\t\thref=\"http:\/\/muzikologijaff.si\/gmgm\/individualni-nacrt-za-tretje-leto\/\"\n\t\t\t\t\tclass=\"sow-carousel-default-thumbnail\"\n\t\t\t\t\ttarget=\"_blank\" rel=\"noopener noreferrer\"\t\t\t\t\t\t\t\t\t\taria-labelledby=\"sow-carousel-id-1093\"\n\t\t\t\t\ttabindex=\"-1\"\n\t\t\t\t>\n\t\t\t\t\t<span class=\"overlay\"><\/span>\n\t\t\t\t<\/a>\n\t\t\t\t\t<\/div>\n\t\t<h3 class=\"sow-carousel-item-title\"><span class=\"ez-toc-section\" id=\"Individualni_nacrt_za_tretje_leto\"><\/span>\n\t\t\t<a\n\t\t\t\thref=\"http:\/\/muzikologijaff.si\/gmgm\/individualni-nacrt-za-tretje-leto\/\"\n\t\t\t\tid=\"sow-carousel-id-1093\"\n\t\t\t\ttarget=\"_blank\" rel=\"noopener noreferrer\"\t\t\t\ttabindex=\"-1\"\n\t\t\t>\n\n\t\t\t\tIndividualni na\u010drt za tretje leto\t\t\t<\/a>\n\t\t<span class=\"ez-toc-section-end\"><\/span><\/h3>\n\t<\/div>\n\t\t<div class=\"sow-carousel-item\" tabindex=\"-1\" style=\"float: left;\">\n\t\t<div class=\"sow-carousel-thumbnail\">\n\t\t\t\t\t\t\t<a\n\t\t\t\t\thref=\"http:\/\/muzikologijaff.si\/gmgm\/pogovori-o-otroski-in-mladinski-glasbi-2023\/\"\n\t\t\t\t\tclass=\"sow-carousel-default-thumbnail\"\n\t\t\t\t\ttarget=\"_blank\" rel=\"noopener noreferrer\"\t\t\t\t\t\t\t\t\t\taria-labelledby=\"sow-carousel-id-1078\"\n\t\t\t\t\ttabindex=\"-1\"\n\t\t\t\t>\n\t\t\t\t\t<span class=\"overlay\"><\/span>\n\t\t\t\t<\/a>\n\t\t\t\t\t<\/div>\n\t\t<h3 class=\"sow-carousel-item-title\"><span class=\"ez-toc-section\" id=\"Pogovori_o_otroski_in_mladinski_glasbi_2023\"><\/span>\n\t\t\t<a\n\t\t\t\thref=\"http:\/\/muzikologijaff.si\/gmgm\/pogovori-o-otroski-in-mladinski-glasbi-2023\/\"\n\t\t\t\tid=\"sow-carousel-id-1078\"\n\t\t\t\ttarget=\"_blank\" rel=\"noopener noreferrer\"\t\t\t\ttabindex=\"-1\"\n\t\t\t>\n\n\t\t\t\tPogovori o otro\u0161ki in mladinski glasbi 2023\t\t\t<\/a>\n\t\t<span class=\"ez-toc-section-end\"><\/span><\/h3>\n\t<\/div>\n\t\t<div class=\"sow-carousel-item\" tabindex=\"-1\" style=\"float: left;\">\n\t\t<div class=\"sow-carousel-thumbnail\">\n\t\t\t\t\t\t\t<a\n\t\t\t\t\thref=\"http:\/\/muzikologijaff.si\/gmgm\/jugoslovanske-studije-kdo-kaj-kako-zakaj-zdaj-in-kaj-potem\/\"\n\t\t\t\t\tclass=\"sow-carousel-default-thumbnail\"\n\t\t\t\t\ttarget=\"_blank\" rel=\"noopener noreferrer\"\t\t\t\t\t\t\t\t\t\taria-labelledby=\"sow-carousel-id-1079\"\n\t\t\t\t\ttabindex=\"-1\"\n\t\t\t\t>\n\t\t\t\t\t<span class=\"overlay\"><\/span>\n\t\t\t\t<\/a>\n\t\t\t\t\t<\/div>\n\t\t<h3 class=\"sow-carousel-item-title\"><span class=\"ez-toc-section\" id=\"Jugoslovanske_studije_kdo_kaj_kako_zakaj_zdaj_in_kaj_potem\"><\/span>\n\t\t\t<a\n\t\t\t\thref=\"http:\/\/muzikologijaff.si\/gmgm\/jugoslovanske-studije-kdo-kaj-kako-zakaj-zdaj-in-kaj-potem\/\"\n\t\t\t\tid=\"sow-carousel-id-1079\"\n\t\t\t\ttarget=\"_blank\" rel=\"noopener noreferrer\"\t\t\t\ttabindex=\"-1\"\n\t\t\t>\n\n\t\t\t\tJugoslovanske \u0161tudije: kdo, kaj, kako, zakaj zdaj in kaj potem?\t\t\t<\/a>\n\t\t<span class=\"ez-toc-section-end\"><\/span><\/h3>\n\t<\/div>\n\t\t\t<\/div>\n\t\t\t<\/div>\n\n\t<\/div>\n\t\t<input type=\"hidden\" name=\"instance_hash\" value=\"485d2037\"\/>\n\t<\/div>\n<\/div><\/div><\/div><\/div><\/div>","protected":false},"excerpt":{"rendered":"<p>\u010casovnicaNalo\u017ei * Download [12.86 KB] Postavke \u010dasovnice Mednarodni simpozij * International Symposium: Youth Music since 1945 &#038; Jeunesse Musicale Vabilo k oddaji rokopisov za zbornik * Invitation to contribute book chapters Individualni na\u010drt za tretje leto Pogovori o otro\u0161ki in mladinski glasbi 2023 Jugoslovanske \u0161tudije: kdo, kaj, kako, zakaj zdaj in kaj potem?<\/p>\n","protected":false},"author":1,"featured_media":0,"parent":20,"menu_order":0,"comment_status":"closed","ping_status":"closed","template":"","meta":{"_uag_custom_page_level_css":"","_themeisle_gutenberg_block_has_review":false,"footnotes":""},"class_list":["post-22","page","type-page","status-publish","hentry"],"uagb_featured_image_src":{"full":false,"thumbnail":false,"medium":false,"medium_large":false,"large":false,"1536x1536":false,"2048x2048":false,"twentyseventeen-featured-image":false,"twentyseventeen-thumbnail-avatar":false,"sow-carousel-default":false},"uagb_author_info":{"display_name":"leon","author_link":"http:\/\/muzikologijaff.si\/gmgm\/author\/leon\/"},"uagb_comment_info":0,"uagb_excerpt":"\u010casovnicaNalo\u017ei * Download [12.86 KB] Postavke \u010dasovnice Mednarodni simpozij * International Symposium: Youth Music since 1945 &#038; Jeunesse Musicale Vabilo k oddaji rokopisov za zbornik * Invitation to contribute book chapters Individualni na\u010drt za tretje leto Pogovori o otro\u0161ki in mladinski glasbi 2023 Jugoslovanske \u0161tudije: kdo, kaj, kako, zakaj zdaj in kaj potem?","_links":{"self":[{"href":"http:\/\/muzikologijaff.si\/gmgm\/wp-json\/wp\/v2\/pages\/22","targetHints":{"allow":["GET"]}}],"collection":[{"href":"http:\/\/muzikologijaff.si\/gmgm\/wp-json\/wp\/v2\/pages"}],"about":[{"href":"http:\/\/muzikologijaff.si\/gmgm\/wp-json\/wp\/v2\/types\/page"}],"author":[{"embeddable":true,"href":"http:\/\/muzikologijaff.si\/gmgm\/wp-json\/wp\/v2\/users\/1"}],"replies":[{"embeddable":true,"href":"http:\/\/muzikologijaff.si\/gmgm\/wp-json\/wp\/v2\/comments?post=22"}],"version-history":[{"count":0,"href":"http:\/\/muzikologijaff.si\/gmgm\/wp-json\/wp\/v2\/pages\/22\/revisions"}],"up":[{"embeddable":true,"href":"http:\/\/muzikologijaff.si\/gmgm\/wp-json\/wp\/v2\/pages\/20"}],"wp:attachment":[{"href":"http:\/\/muzikologijaff.si\/gmgm\/wp-json\/wp\/v2\/media?parent=22"}],"curies":[{"name":"wp","href":"https:\/\/api.w.org\/{rel}","templated":true}]}}