{"id":364,"date":"2022-03-13T17:55:34","date_gmt":"2022-03-13T16:55:34","guid":{"rendered":"http:\/\/muzikologijaff.si\/gmgm\/?page_id=364"},"modified":"2022-03-13T17:55:34","modified_gmt":"2022-03-13T16:55:34","slug":"pesmarice","status":"publish","type":"page","link":"http:\/\/muzikologijaff.si\/gmgm\/podatkovne-baze\/pesmarice\/","title":{"rendered":"Pesmarice"},"content":{"rendered":"","protected":true},"excerpt":{"rendered":"","protected":true},"author":1,"featured_media":0,"parent":357,"menu_order":0,"comment_status":"closed","ping_status":"closed","template":"","meta":{"_uag_custom_page_level_css":"","_themeisle_gutenberg_block_has_review":false,"footnotes":""},"class_list":["post-364","page","type-page","status-publish","post-password-required","hentry"],"uagb_featured_image_src":{"full":false,"thumbnail":false,"medium":false,"medium_large":false,"large":false,"1536x1536":false,"2048x2048":false,"twentyseventeen-featured-image":false,"twentyseventeen-thumbnail-avatar":false,"sow-carousel-default":false},"uagb_author_info":{"display_name":"leon","author_link":"http:\/\/muzikologijaff.si\/gmgm\/author\/leon\/"},"uagb_comment_info":0,"uagb_excerpt":"Ni izvle\u010dka, ker je prispevek za\u0161\u010diten.","_links":{"self":[{"href":"http:\/\/muzikologijaff.si\/gmgm\/wp-json\/wp\/v2\/pages\/364","targetHints":{"allow":["GET"]}}],"collection":[{"href":"http:\/\/muzikologijaff.si\/gmgm\/wp-json\/wp\/v2\/pages"}],"about":[{"href":"http:\/\/muzikologijaff.si\/gmgm\/wp-json\/wp\/v2\/types\/page"}],"author":[{"embeddable":true,"href":"http:\/\/muzikologijaff.si\/gmgm\/wp-json\/wp\/v2\/users\/1"}],"replies":[{"embeddable":true,"href":"http:\/\/muzikologijaff.si\/gmgm\/wp-json\/wp\/v2\/comments?post=364"}],"version-history":[{"count":0,"href":"http:\/\/muzikologijaff.si\/gmgm\/wp-json\/wp\/v2\/pages\/364\/revisions"}],"up":[{"embeddable":true,"href":"http:\/\/muzikologijaff.si\/gmgm\/wp-json\/wp\/v2\/pages\/357"}],"wp:attachment":[{"href":"http:\/\/muzikologijaff.si\/gmgm\/wp-json\/wp\/v2\/media?parent=364"}],"curies":[{"name":"wp","href":"https:\/\/api.w.org\/{rel}","templated":true}]}}