{"id":370,"date":"2022-03-13T18:05:38","date_gmt":"2022-03-13T17:05:38","guid":{"rendered":"http:\/\/muzikologijaff.si\/gmgm\/?page_id=370"},"modified":"2022-03-13T18:05:38","modified_gmt":"2022-03-13T17:05:38","slug":"arhiv-glasbene-mladine","status":"publish","type":"page","link":"http:\/\/muzikologijaff.si\/gmgm\/podatkovne-baze\/arhiv-glasbene-mladine\/","title":{"rendered":"Arhiv Glasbene mladine"},"content":{"rendered":"<div id=\"pl-370\"  class=\"panel-layout\" ><div id=\"pg-370-0\"  class=\"panel-grid panel-no-style\" ><div id=\"pgc-370-0-0\"  class=\"panel-grid-cell\" ><div id=\"panel-370-0-0-0\" class=\"so-panel widget widget_sow-editor panel-first-child panel-last-child\" data-index=\"0\" ><div\n\t\t\t\n\t\t\tclass=\"so-widget-sow-editor so-widget-sow-editor-base\"\n\t\t\t\n\t\t><div id=\"ez-toc-container\" class=\"ez-toc-v2_0_82_1 counter-hierarchy ez-toc-counter ez-toc-grey ez-toc-container-direction\">\n<div class=\"ez-toc-title-container\">\n<p class=\"ez-toc-title\" style=\"cursor:inherit\">Table of Contents<\/p>\n<span class=\"ez-toc-title-toggle\"><a href=\"#\" class=\"ez-toc-pull-right ez-toc-btn ez-toc-btn-xs ez-toc-btn-default ez-toc-toggle\" aria-label=\"Toggle Table of Content\"><span class=\"ez-toc-js-icon-con\"><span class=\"\"><span class=\"eztoc-hide\" style=\"display:none;\">Toggle<\/span><span class=\"ez-toc-icon-toggle-span\"><svg style=\"fill: #999;color:#999\" xmlns=\"http:\/\/www.w3.org\/2000\/svg\" class=\"list-377408\" width=\"20px\" height=\"20px\" viewBox=\"0 0 24 24\" fill=\"none\"><path d=\"M6 6H4v2h2V6zm14 0H8v2h12V6zM4 11h2v2H4v-2zm16 0H8v2h12v-2zM4 16h2v2H4v-2zm16 0H8v2h12v-2z\" fill=\"currentColor\"><\/path><\/svg><svg style=\"fill: #999;color:#999\" class=\"arrow-unsorted-368013\" xmlns=\"http:\/\/www.w3.org\/2000\/svg\" width=\"10px\" height=\"10px\" viewBox=\"0 0 24 24\" version=\"1.2\" baseProfile=\"tiny\"><path d=\"M18.2 9.3l-6.2-6.3-6.2 6.3c-.2.2-.3.4-.3.7s.1.5.3.7c.2.2.4.3.7.3h11c.3 0 .5-.1.7-.3.2-.2.3-.5.3-.7s-.1-.5-.3-.7zM5.8 14.7l6.2 6.3 6.2-6.3c.2-.2.3-.5.3-.7s-.1-.5-.3-.7c-.2-.2-.4-.3-.7-.3h-11c-.3 0-.5.1-.7.3-.2.2-.3.5-.3.7s.1.5.3.7z\"\/><\/svg><\/span><\/span><\/span><\/a><\/span><\/div>\n<nav><ul class='ez-toc-list ez-toc-list-level-1 ' ><li class='ez-toc-page-1 ez-toc-heading-level-3'><a class=\"ez-toc-link ez-toc-heading-1\" href=\"http:\/\/muzikologijaff.si\/gmgm\/podatkovne-baze\/arhiv-glasbene-mladine\/#Revija_Glasbena_mladina\" >Revija Glasbena mladina<\/a><\/li><li class='ez-toc-page-1 ez-toc-heading-level-3'><a class=\"ez-toc-link ez-toc-heading-2\" href=\"http:\/\/muzikologijaff.si\/gmgm\/podatkovne-baze\/arhiv-glasbene-mladine\/#Arhiv_Glasbene_mladine\" >Arhiv Glasbene mladine<\/a><\/li><li class='ez-toc-page-1 ez-toc-heading-level-3'><a class=\"ez-toc-link ez-toc-heading-3\" href=\"http:\/\/muzikologijaff.si\/gmgm\/podatkovne-baze\/arhiv-glasbene-mladine\/#Govori_za_dogodke_Glasbene_mladine\" >Govori za dogodke Glasbene mladine<\/a><\/li><\/ul><\/nav><\/div>\n<h3 class=\"widget-title\"><span class=\"ez-toc-section\" id=\"Revija_Glasbena_mladina\"><\/span>Revija Glasbena mladina<span class=\"ez-toc-section-end\"><\/span><\/h3>\n<div class=\"siteorigin-widget-tinymce textwidget\">\n\t<p>Vmesnik za oblikovanje korpusa: <a href=\"https:\/\/gm.koin.lgm.fri.ingress.si\/admin\/revije\/revija\/\">https:\/\/gm.koin.lgm.fri.ingress.si\/admin\/revije\/revija\/<\/a><\/p>\n<\/div>\n<\/div><\/div><\/div><div id=\"pgc-370-0-1\"  class=\"panel-grid-cell\" ><div id=\"panel-370-0-1-0\" class=\"so-panel widget widget_sow-editor panel-first-child panel-last-child\" data-index=\"1\" ><div\n\t\t\t\n\t\t\tclass=\"so-widget-sow-editor so-widget-sow-editor-base\"\n\t\t\t\n\t\t><h3 class=\"widget-title\"><span class=\"ez-toc-section\" id=\"Arhiv_Glasbene_mladine\"><\/span>Arhiv Glasbene mladine<span class=\"ez-toc-section-end\"><\/span><\/h3>\n<div class=\"siteorigin-widget-tinymce textwidget\">\n\t<p>Mape pod zaporedno \u0161tevilko 17 vsebujejo klju\u010dne vsebinske podatke o delovanju dru\u0161tva od ustanovitve do danes: sklepe glavnih organov dru\u0161tva in vsebinske re\u010di (komentarji prireditev, poro\u010dila ipd.). Oznake datotek so kronolo\u0161ke.<\/p>\n<p><a href=\"http:\/\/muzikologijaff.si\/gmgm\/wp-content\/uploads\/sites\/7\/2022\/03\/1976-77_1.zip\">1976-77_1<\/a><\/p>\n<p><a href=\"http:\/\/muzikologijaff.si\/gmgm\/wp-content\/uploads\/sites\/7\/2022\/03\/1976-77_2.zip\">1976-77_2<\/a><\/p>\n<p><a href=\"http:\/\/muzikologijaff.si\/gmgm\/wp-content\/uploads\/sites\/7\/2022\/05\/Fascikli-13-1977-8.zip\">1977-8<\/a><\/p>\n<p><a href=\"http:\/\/muzikologijaff.si\/gmgm\/wp-content\/uploads\/sites\/7\/2022\/05\/Fascikli-14-1977-8.zip\">1977-8_2<\/a><\/p>\n<p><a href=\"http:\/\/muzikologijaff.si\/gmgm\/wp-content\/uploads\/sites\/7\/2022\/05\/Fascikli-12-1978-9.zip\">1978-9<\/a><\/p>\n<p><a href=\"http:\/\/muzikologijaff.si\/gmgm\/wp-content\/uploads\/sites\/7\/2022\/03\/1979-80.zip\">1979-80<\/a><\/p>\n<p><a href=\"http:\/\/muzikologijaff.si\/gmgm\/wp-content\/uploads\/sites\/7\/2022\/05\/Fascikli-11-1980-1.zip\">1980-81<\/a><\/p>\n<p><a href=\"http:\/\/muzikologijaff.si\/gmgm\/wp-content\/uploads\/sites\/7\/2022\/04\/Fascikel-8-1982\u201383.zip\">1982\u201383<\/a><\/p>\n<p><a href=\"http:\/\/muzikologijaff.si\/gmgm\/wp-content\/uploads\/sites\/7\/2022\/04\/Fascikel-9-1981\u201382.zip\">1981\u201382<\/a><\/p>\n<p><a href=\"http:\/\/muzikologijaff.si\/gmgm\/wp-content\/uploads\/sites\/7\/2022\/04\/Fascikel-10-1981\u201382.zip\">\u00a01981\u201382_2<\/a><\/p>\n<p><a href=\"http:\/\/muzikologijaff.si\/gmgm\/wp-content\/uploads\/sites\/7\/2022\/04\/Fascikel-7-1983\u201386.zip\">1983\u201386<\/a><\/p>\n<p><a href=\"http:\/\/muzikologijaff.si\/gmgm\/wp-content\/uploads\/sites\/7\/2022\/04\/Fascikel-6-1987\u201391.zip\">1987\u201391<\/a><\/p>\n<\/div>\n<\/div><\/div><\/div><div id=\"pgc-370-0-2\"  class=\"panel-grid-cell\" ><div id=\"panel-370-0-2-0\" class=\"so-panel widget widget_sow-editor panel-first-child panel-last-child\" data-index=\"2\" ><div\n\t\t\t\n\t\t\tclass=\"so-widget-sow-editor so-widget-sow-editor-base\"\n\t\t\t\n\t\t><h3 class=\"widget-title\"><span class=\"ez-toc-section\" id=\"Govori_za_dogodke_Glasbene_mladine\"><\/span>Govori za dogodke Glasbene mladine<span class=\"ez-toc-section-end\"><\/span><\/h3>\n<div class=\"siteorigin-widget-tinymce textwidget\">\n\t<p>V arhivu Glasben mladine obstaja samo en fascikel z govori. Razlogi so dvojni: nekateri predavatelji so predstavljali program brez napisanih govorov, nekateri govori pa so verjetno ostali pri predavateljih.<\/p>\n<p><a href=\"http:\/\/muzikologijaff.si\/gmgm\/wp-content\/uploads\/sites\/7\/2022\/05\/Govori-GM.pdf\">Govori GM<\/a><\/p>\n<p>&nbsp;<\/p>\n<\/div>\n<\/div><\/div><\/div><\/div><\/div>","protected":false},"excerpt":{"rendered":"<p>Vmesnik za oblikovanje korpusa: https:\/\/gm.koin.lgm.fri.ingress.si\/admin\/revije\/revija\/ Mape pod zaporedno \u0161tevilko 17 vsebujejo klju\u010dne vsebinske podatke o delovanju dru\u0161tva od ustanovitve do danes: sklepe glavnih organov dru\u0161tva in vsebinske re\u010di (komentarji prireditev, poro\u010dila ipd.). Oznake datotek so kronolo\u0161ke. 1976-77_1 1976-77_2 1977-8 1977-8_2 1978-9 1979-80 1980-81 1982\u201383 1981\u201382 \u00a01981\u201382_2 1983\u201386 1987\u201391 V arhivu Glasben mladine obstaja samo en &hellip; <\/p>\n<p class=\"link-more\"><a href=\"http:\/\/muzikologijaff.si\/gmgm\/podatkovne-baze\/arhiv-glasbene-mladine\/\" class=\"more-link\">Preberi ve\u010d<span class=\"screen-reader-text\"> &#8220;Arhiv Glasbene mladine&#8221;<\/span><\/a><\/p>\n","protected":false},"author":1,"featured_media":0,"parent":357,"menu_order":0,"comment_status":"closed","ping_status":"closed","template":"","meta":{"_uag_custom_page_level_css":"","_themeisle_gutenberg_block_has_review":false,"footnotes":""},"class_list":["post-370","page","type-page","status-publish","hentry"],"uagb_featured_image_src":{"full":false,"thumbnail":false,"medium":false,"medium_large":false,"large":false,"1536x1536":false,"2048x2048":false,"twentyseventeen-featured-image":false,"twentyseventeen-thumbnail-avatar":false,"sow-carousel-default":false},"uagb_author_info":{"display_name":"leon","author_link":"http:\/\/muzikologijaff.si\/gmgm\/author\/leon\/"},"uagb_comment_info":0,"uagb_excerpt":"Vmesnik za oblikovanje korpusa: https:\/\/gm.koin.lgm.fri.ingress.si\/admin\/revije\/revija\/ Mape pod zaporedno \u0161tevilko 17 vsebujejo klju\u010dne vsebinske podatke o delovanju dru\u0161tva od ustanovitve do danes: sklepe glavnih organov dru\u0161tva in vsebinske re\u010di (komentarji prireditev, poro\u010dila ipd.). Oznake datotek so kronolo\u0161ke. 1976-77_1 1976-77_2 1977-8 1977-8_2 1978-9 1979-80 1980-81 1982\u201383 1981\u201382 \u00a01981\u201382_2 1983\u201386 1987\u201391 V arhivu Glasben mladine obstaja samo en&hellip;","_links":{"self":[{"href":"http:\/\/muzikologijaff.si\/gmgm\/wp-json\/wp\/v2\/pages\/370","targetHints":{"allow":["GET"]}}],"collection":[{"href":"http:\/\/muzikologijaff.si\/gmgm\/wp-json\/wp\/v2\/pages"}],"about":[{"href":"http:\/\/muzikologijaff.si\/gmgm\/wp-json\/wp\/v2\/types\/page"}],"author":[{"embeddable":true,"href":"http:\/\/muzikologijaff.si\/gmgm\/wp-json\/wp\/v2\/users\/1"}],"replies":[{"embeddable":true,"href":"http:\/\/muzikologijaff.si\/gmgm\/wp-json\/wp\/v2\/comments?post=370"}],"version-history":[{"count":0,"href":"http:\/\/muzikologijaff.si\/gmgm\/wp-json\/wp\/v2\/pages\/370\/revisions"}],"up":[{"embeddable":true,"href":"http:\/\/muzikologijaff.si\/gmgm\/wp-json\/wp\/v2\/pages\/357"}],"wp:attachment":[{"href":"http:\/\/muzikologijaff.si\/gmgm\/wp-json\/wp\/v2\/media?parent=370"}],"curies":[{"name":"wp","href":"https:\/\/api.w.org\/{rel}","templated":true}]}}