{"id":73,"date":"2024-02-16T19:59:55","date_gmt":"2024-02-16T18:59:55","guid":{"rendered":"http:\/\/muzikologijaff.si\/rgs\/?page_id=73"},"modified":"2025-09-24T16:51:13","modified_gmt":"2025-09-24T15:51:13","slug":"david-verbuc","status":"publish","type":"page","link":"http:\/\/muzikologijaff.si\/rgs\/david-verbuc\/","title":{"rendered":"David Verbu\u010d"},"content":{"rendered":"<p><strong>David Verbu\u010d<\/strong> sodi med vidnej\u0161e predstavnike novej\u0161e generacije slovenskih etnomuzikologov, ki se posve\u010dajo raziskovanju razli\u010dnih oblik tradicijske in popularne glasbe v Sloveniji in na tujem. Od leta 2025 predava etnomuzikologijo in popularno glasbo na Oddelku za muzikologijo Filozofske fakultete Univerze v Ljubljani. Pred tem je med letoma 2014 in 2025 pou\u010deval na Fakulteti za humanisti\u010dne vede na Karlovi univerzi v Pragi.<\/p>\n<p>Po kon\u010danem dodiplomskem \u0161tudiju na Akademiji za glasbo v Ljubljani je David Verbu\u010d najprej samostojno raziskoval sodobne oblike va\u0161ke glasbene ustvarjalnosti v Zgornji Savinjski dolini in na obravnavano temo objavil nekaj znanstvenih \u010dlankov (in eno zgo\u0161\u010denko). Leta 2008 se je nato odpravil na podiplomski \u0161tudij etnomuzikologije na Kalifornijski univerzi v Davisu, kjer je leta 2014 doktoriral na temo samoniklih glasbenih prostorov in scen v ZDA. To delo je potem pri zalo\u017ebi Routledge leta 2021 izdal v obliki knjige z naslovom <em>DIY House Shows and Music Venues in the US: Ethnographic Explorations of Place and Community<\/em>. Poleg omenjene knjige je do sedaj objavil \u0161e vrsto znanstvenih \u010dlankov v uveljavljenih mednarodnih znanstvenih revijah, med drugim v <em>American Music, Communication and the Public, Ethnomusicology Forum<\/em>,&nbsp;<em>G<\/em><em>lasnik Slovenskega etnolo\u0161kega dru\u0161tva<\/em>, <em>Journal of Contemporary Ethnography<\/em>, <em>Journal of Popular Music Studies, Journal of World Popular Music<\/em>, <em>Lid\u00e9 mesta \/ <\/em><em>Urban People<\/em> ter <em>Traditiones<\/em>.<\/p>\n<p>Verbu\u010d se v okviru projekta <i>Romski in sintski glasbeniki in glasbenice v Sloveniji <\/i>osredoto\u010da na raziskovanje zgodovinskih primerov romske in sintske glasbe v Zgornji Savinjski dolini in Velenju (primerjalno tudi v Murski Soboti) ter na romsko glasbeno ustvarjalnost v hotelih in restavracijah v obdobju socializma.<\/p>\n<p><strong>&nbsp;<\/strong><\/p>\n<p><strong>Izbrana bibliografija<\/strong><\/p>\n<p><u>Knjiga<\/u><\/p>\n<p>2022.<em style=\"font-size: 1rem\"> DIY House Shows and Music Venues in the US: Ethnographic Explorations of Place and Community. <\/em><span style=\"font-size: 1rem\">SOAS Studies in Music. New York, and London: Routledge.<\/span><\/p>\n<p><u>Znanstveni \u010dlanki<\/u><\/p>\n<p>2025. \u201cImpediment-, Absence-, and Silence-based Methodology, and the Study of Romani and Sinti Musicians in North Slovenia.\u201d <em>Traditiones <\/em>54\/2: 29-52.<\/p>\n<p>2024. \u201cSocial Life of Zines and Other DIY Micro-media constituting American DIY Communities and Scenes.\u201d <em>Journal of Contemporary Ethnography <\/em>53\/4: 544\u2013581.<\/p>\n<p>2023. \u201c\u2018A Whole Society, With Its Own Economic System\u2019: The Reciprocal and Capitalist Configurations of American DIY Music Scenes.\u201d <em>Ethnomusicology Forum<\/em> 32\/1: 5\u201327.<\/p>\n<p>2021. \u201cEthnography in Western Popular Music Research Revisited: A Case Study and\/as a Critique.\u201d <em>The Journal of World Popular Music <\/em>8\/2: 207\u2013235.<\/p>\n<p>2021. \u201cNon-musician DIY Individuals as \u2018Pillars\u2019 and \u2018Icons\u2019 of American DIY Scenes.\u201d <em>American Music <\/em>39\/3: 365\u2013390.<\/p>\n<p>2018. \u201cTheory and Ethnography of Affective Participation at DIY Shows in the US.\u201d <em>Journal of Popular Music Studies<\/em> 30\/1\u20132: 79\u2013108.<\/p>\n<p>2017. \u201cNotions of Intimate Publicness, and the American DIY Music Spaces.\u201d <em>Sound and the Public: A Special Issue of Communication and the Public<\/em>, uredili Jing Wang in Marina Peterson, 2\/4: 284\u2013304.<\/p>\n<p>2016. \u201cProstor, dru\u017ebena bli\u017eina in intimna skupnost v ameri\u0161kih neodvisnih glasbenih kulturah.\u201d <em>Glasnik Slovenskega etnolo\u0161kega dru\u0161tva<\/em> 56\/1\u20132: 37\u201352.<\/p>\n<p>2015. \u201cFans or Friends?: Local\/Translocal Dialectics of DIY (\u2018do-it-yourself\u2019) Touring and DIY Community in the US.\u201d <em>Lid\u00e9 m\u011bsta \/ Urban People<\/em> 17\/2: 221\u2013246.<\/p>\n<p>2013. \u201cFrom Text to Context: Performance Events in Primo\u017e.\u201d V <em>Trapped in Folklore<\/em>: <em>Studies in Music and Dance Tradition and Their Contemporary Transformations<\/em>, uredila Drago Kunej in Ur\u0161a \u0160ivic, 41\u201362. Berlin: LIT Verlag.<\/p>\n<p>2009. \u201cContemporary Musical Peasant Traditions in Primo\u017e, Slovenia, and the Notion of \u2018National Heritage.\u2019\u201d V <em>Voices of the Weak: Music and Minorities<\/em>, uredila Zuzana Jurkov\u00e1 in Lee Bidgood, 131\u2013142. Prague: Slovo21 + Faculty of Humanities of Charles University Prague.<\/p>\n<p><u>Zgo\u0161\u010denka<\/u><\/p>\n<p>2008. <em>Gor\u0161ih ljudi na svetu ni: terenski posnetki ljudskih pesmi iz Zgornje Savinjske doline<\/em>. Dvojna zgo\u0161\u010denka. Mozirje in Ljubljana: Osrednja Knji\u017enica Mozirje, Glasbenonarodopisni in\u0161titut ZRC SAZU, Ljubljana, in Dru\u0161tvo za raziskovanje popularne glasbe, Ljubljana. Producent, avtor spremne knji\u017eice, in avtor terenskih posnetkov.<\/p>\n<p>&nbsp;<\/p>\n<p>&nbsp;<\/p>\n","protected":false},"excerpt":{"rendered":"<p>David Verbu\u010d sodi med vidnej\u0161e predstavnike novej\u0161e generacije slovenskih etnomuzikologov, ki se posve\u010dajo raziskovanju razli\u010dnih oblik tradicijske in popularne glasbe v Sloveniji in na tujem. Od leta 2025 predava etnomuzikologijo in popularno glasbo na Oddelku za muzikologijo Filozofske fakultete Univerze v Ljubljani. Pred tem je med letoma 2014 in 2025 pou\u010deval na Fakulteti za humanisti\u010dne &hellip; <\/p>\n<p class=\"link-more\"><a href=\"http:\/\/muzikologijaff.si\/rgs\/david-verbuc\/\" class=\"more-link\">Preberi ve\u010d<span class=\"screen-reader-text\"> &#8220;David Verbu\u010d&#8221;<\/span><\/a><\/p>\n","protected":false},"author":1,"featured_media":0,"parent":0,"menu_order":0,"comment_status":"closed","ping_status":"closed","template":"","meta":{"ngg_post_thumbnail":0,"footnotes":""},"class_list":["post-73","page","type-page","status-publish","hentry"],"_links":{"self":[{"href":"http:\/\/muzikologijaff.si\/rgs\/wp-json\/wp\/v2\/pages\/73","targetHints":{"allow":["GET"]}}],"collection":[{"href":"http:\/\/muzikologijaff.si\/rgs\/wp-json\/wp\/v2\/pages"}],"about":[{"href":"http:\/\/muzikologijaff.si\/rgs\/wp-json\/wp\/v2\/types\/page"}],"author":[{"embeddable":true,"href":"http:\/\/muzikologijaff.si\/rgs\/wp-json\/wp\/v2\/users\/1"}],"replies":[{"embeddable":true,"href":"http:\/\/muzikologijaff.si\/rgs\/wp-json\/wp\/v2\/comments?post=73"}],"version-history":[{"count":16,"href":"http:\/\/muzikologijaff.si\/rgs\/wp-json\/wp\/v2\/pages\/73\/revisions"}],"predecessor-version":[{"id":420,"href":"http:\/\/muzikologijaff.si\/rgs\/wp-json\/wp\/v2\/pages\/73\/revisions\/420"}],"wp:attachment":[{"href":"http:\/\/muzikologijaff.si\/rgs\/wp-json\/wp\/v2\/media?parent=73"}],"curies":[{"name":"wp","href":"https:\/\/api.w.org\/{rel}","templated":true}]}}