{"id":75,"date":"2024-02-16T20:00:36","date_gmt":"2024-02-16T19:00:36","guid":{"rendered":"http:\/\/muzikologijaff.si\/rgs\/?page_id=75"},"modified":"2024-02-16T20:00:36","modified_gmt":"2024-02-16T19:00:36","slug":"alma-bejtullahu","status":"publish","type":"page","link":"http:\/\/muzikologijaff.si\/rgs\/alma-bejtullahu\/","title":{"rendered":"Alma Bejtullahu"},"content":{"rendered":"<p>Dr. Alma Bejtullahu raziskuje glasbo manj\u0161in, predvsem v Sloveniji, pri tem se ukvarja z vpra\u0161anji, ki niso zna\u010dilne za institucionalno etnomuzikologijo. V doktorski disertaciji se je poglobila v reprezentacijah \u017eensk, pripadnic manj\u0161in, in njihovem glasbenem in plesnem delovanju med \u00bbmanj\u0161inskostjo\u00ab in \u00bbve\u010dino\u00ab. Njen vpogled v glasbenem svetu manj\u0161in ji omogo\u010da pristop \u00bbod spodaj\u00ab pri obravnavanju raziskovalnih vpra\u0161anj, ki se osredoto\u010dajo na dru\u017ebeni in politi\u010dni vidik polo\u017eaja manj\u0161in.<\/p>\n<p>Alma Bejtullahu je tudi prejemnica Humboldtove \u0161tipendije za podoktorski \u0161tudij, ki ga opravlja v Univerzi v W\u00fcrzburgu, na In\u0161titutu za raziskovanje glasbe.<\/p>\n<p>&nbsp;<\/p>\n<p>&nbsp;<\/p>\n<p>&nbsp;<\/p>\n<p>Alma Bejtullahu, izbrana bibliografija<\/p>\n<p>&nbsp;<\/p>\n<p>BEJTULLAHU, Alma. Glasba in ples narodnih manj\u0161in v Sloveniji : nacionalna identiteta, eksotika, past stroke. Traditiones : zbornik In\u0161tituta za slovensko narodopisje. [Tiskana izd.]. 2016, letn. 45, \u0161t. 2, str. 159-176, ilustr. ISSN 0352-0447. http:\/\/ojs.zrc-sazu.si\/traditiones\/article\/view\/4811\/4424, http:\/\/www.dlib.si\/details\/URN:NBN:SI:doc-1Z29DFP0, DOI: 10.3986\/Traditio2016450210. [COBISS.SI-ID 41058349], [SNIP, Scopus do 22. 12. 2023: \u0161t. citatov (TC): 5, \u010distih citatov (CI): 5, \u010distih citatov na avtorja (CIAu): 5.00]<\/p>\n<p>BEJTULLAHU, Alma. La polka slov\u00e8ne, entre traditon et modernit\u00e9. V: MUR\u0160I\u010c, Rajko. Slov\u00e9nie : entre l&#8217;Ouest et l&#8217;Est = I feel Slovenia. [Paris]: Presses Universitaires de France, 2012. T. 42, no. 2, str. 261-270, ilustr. Ethnologie fran\u00e7aise, 2. ISBN 978-2-13-059351-5. ISSN 0046-2616. [COBISS.SI-ID 38911493], [SNIP, Scopus]<\/p>\n<p>BEJTULLAHU, Alma. Nj\u00eb jet\u00eb n\u00eb muzik\u00eb : Lorenc Antoni dhe trash\u00ebgimi e tij muzikore. Studime albanologjike. 2010, 2, str. 135-148. ISSN 1857-6958. [COBISS.SI-ID 38897413]<\/p>\n<p>BEJTULLAHU, Alma. Muzika popullore shqipe n\u00eb Maqedoni : \u00e7\u00ebshtje t\u00eb hulumtimit. Studime albanologjike. 2009, 1, str. 223-232. ISSN 1857-6958. [COBISS.SI-ID 38897157]<\/p>\n<p>BEJTULLAHU, Alma. Rr\u00ebfan\u00eb e muzikologjis\u00eb shqiptare &#8211; Lorenc Antoni. Alternativa : revist\u00eb e SH.K.SH. &#8220;Migjeni&#8221; p\u00ebr kultur\u00eb dhe shkenc\u00eb. 2007, viti 17, nr. 3, str. 64-83. ISSN 0353-7110. [COBISS.SI-ID 38895877]<\/p>\n<p>BEJTULLAHU, Alma. Glasba, \u010dlovek, narodi : \u0161irjenje glasbenih praks priseljencev v Sloveniji = Music, the human, and nations : transmission of migrants&#8217; musical practices in Slovenia. V: FILEJ, Bojana (ur.). Zbornik prispevkov z recenzijo = Proceeding book with peer review. 5. Mednarodna znanstvena konferenca za \u010dloveka gre: interdisciplinarnost, transnacionalnost in gradnja mostov. Maribor: Alma Mater Europea &#8211; ECM, 2017. Str. 942-947. ISBN 978-961-6966-23-8. http:\/\/almamater.si\/-s292. [COBISS.SI-ID 1581453]<\/p>\n<p>BEJTULLAHU, Alma. Jugonostalgija is the people&#8217;s choice : interethnic influences between Slovene and South Slavic music. V: STATELOVA, Rozmari Konstantinova (ur.). The human world and musical diversity : proceedings from the Fourth Meeting of the ITCM Study Group &#8220;Music and Minorities&#8221; in Varna, Bulgaria 2006. Sofia: Bulgarian Academy of Sciences, Institute of Art Studies, 2008. Str. 97-102. ISBN 978-954-8594-11-0. [COBISS.SI-ID 38905093]<\/p>\n<p>BEJTULLAHU, Alma. Musical practice of Albanian Catholic migrant from Kosovo. V: CERIBA\u0160I\u0106, Naila (ur.), HASKELL, Erica (ur.). Shared musics and minority identities = Dijeljenje glazbe i manjinski identiteti : papers from the Meeting of the &#8220;Music and minorities&#8221; study group of the International council for traditional music (ICTM), Ro\u010d, Croatia, 2004 = radovi s Tre\u010deg skupa Studijske skupine &#8220;Glasba i manjine&#8221; Me\u0111unarodnog savjeta za tradicijsku glazbu (ICTM), Ro\u010d, Hrvatska, 2004. Zagreb: Institute of technology and folklore research; Ro\u010d: Cultural artistic society &#8220;Istarski \u017eeljezni\u010dar&#8221;, 2006. Str. 47-63, ilustr. ISBN 953-6020-32-7. [COBISS.SI-ID 38903813]<\/p>\n<p>BEJTULLAHU, Alma. \u00c7ifteli and its meaning in Kosovar rural and urban societies through the time. V: SHUPO, Sokol (ur.). Urban music in the Balkans : drop-out ethnic identities or a historical case of tolerance and global thinking? : &#8221;in honorem Ramadan Sokoli&#8221;. [Tirana]: Documentation &amp; Communication Center for Regional Music, 2006. Str. 183-193, ilustr. [COBISS.SI-ID 38904325]<\/p>\n<p>BEJTULLAHU, Alma. Glasba in ples ter identifikacije pripadnikov druge generacije postmigracijskih etni\u010dnih manj\u0161in v Sloveniji. V: PETTAN, Svanibor (ur.). Glasba in etni\u010dne manj\u0161ine : (trans)kulturna dinamika v Sloveniji po letu 1991 = Music and ethnic minorities : (trans)cultural dynamics in Slovenia after the year 1991. 1. e-izd. Ljubljana: Znanstvena zalo\u017eba Filozofske fakultete, 2021. Str. 65-83, ilustr. Glasba na Slovenskem po 1918. ISBN 978-961-06-0462-4. ISSN 2350-6350. https:\/\/e-knjige.ff.uni-lj.si\/znanstvena-zalozba\/catalog\/view\/293\/428\/6516-1. [COBISS.SI-ID 75441155]<\/p>\n<p>BEJTULLAHU, Alma. Glasba in ples ter identifikacije pripadnikov druge generacije postmigracijskih etni\u010dnih manj\u0161in v Sloveniji. V: PETTAN, Svanibor (ur.). Glasba in etni\u010dne manj\u0161ine : (trans)kulturna dinamika v Sloveniji po letu 1991 = Music and ethnic minorities : (trans)cultural dynamics in Slovenia after the year 1991. 1. izd. Ljubljana: Znanstvena zalo\u017eba Filozofske fakultete, 2021. Str. 65-83, ilustr. Glasba na Slovenskem po 1918. ISBN 978-961-06-0463-1. ISSN 2712-6196. https:\/\/e-knjige.ff.uni-lj.si\/znanstvena-zalozba\/catalog\/view\/293\/428\/6516-1. [COBISS.SI-ID 75439107]<\/p>\n<p>BEJTULLAHU, Alma. Sodobne skladateljice na Kosovu : od kod prihajajo in kam gredo?. V: STEFANIJA, Leon, BOGUNOVI\u0106 HO\u010cEVAR, Katarina. \u017denskost v glasbi skladateljic po 1918 : pogledi nekaterih manj\u0161ih glasbenih kultur Evrope = Femininity in the female music since 1918 : views of some smaller musical cultures in Europe. 1. izd. Ljubljana: Znanstvena zalo\u017eba Filozofske fakultete, 2018. Str. 91-107. Zbirka Glasba na Slovenskem po 1918. ISBN 978-961-06-0139-5. ISSN 2350-6350. [COBISS.SI-ID 39982085]<\/p>\n<p>BEJTULLAHU, Alma. Of gender bondage : women&#8217;s musical practice and empowerment. V: KUNEJ, Drago (ur.), \u0160IVIC, Ur\u0161a (ur.). Trapped in folklore? : studies in music and dance tradition and their contemporary transformations. Z\u00fcrich; Berlin: LIT, 2013. Str. 101-119. Musikethnologie, Bd. 7, vol. 7. ISBN 978-3-643-90232-0. [COBISS.SI-ID 38904837]<\/p>\n<p>BEJTULLAHU, Alma. Female singers in rural Kosovo &#8211; from domestic to the public domain. V: SAURER, Edith (ur.), LAZINGER, Margareth (ur.), FRYSAK, Elisabeth (ur.). Women&#8217;s movements : networks and debates in post-communist countries in the 19th and 20th centuries. K\u00f6ln; Weimar; Wien: B\u00f6hlau, 2006. Str. 235-250, ilustr. L&#8217;Homme Schriften. Reihe zur Feministischen Geschichtswissenschaft, Bd. 13. ISBN 3-412-32205-9. [COBISS.SI-ID 38907653]<\/p>\n<p><u>Znanstveni sestavek v slovarju, enciklopediji, leksikonu<\/u><\/p>\n<p>BEJTULLAHU, Alma. Kosovo : history, culture, and geography of music. V: STURMAN, Janet Lynn (ur.). The SAGE international encyclopedia of music and culture. Thousand Oaks, CA: SAGE Publications, cop. 2019. Str. 1280-1281. ISBN 978-1-4833-1775-5. [COBISS.SI-ID 40361989]<\/p>\n<p>BEJTULLAHU, Alma. Kosovo : modern and contemporary performance practice. V: STURMAN, Janet Lynn (ur.). The SAGE international encyclopedia of music and culture. Thousand Oaks, CA: SAGE Publications, cop. 2019. Str. 1282-1283. ISBN 978-1-4833-1775-5. DOI: 10.4135\/9781483317731.n412. [COBISS.SI-ID 40353029]<\/p>\n<p>&nbsp;<\/p>\n<p><u>Zaklju\u010dena dela<\/u><\/p>\n<p>BEJTULLAHU, Alma. Reprezentiranje glasbenic priseljenskega porekla v Sloveniji : doktorska disertacija \u0161tudijskega programa tretje bolonjske stopnje Humanisti\u010dne znanosti. Ljubljana: [A. Bejtullahu], 2021. [8] f., 191 str., ilustr. [COBISS.SI-ID 61072643]<\/p>\n<p>BEJTULLAHU, Alma. Glasba na Kosovu ob osamosvojitvenih prizadevanjih : magistrsko delo. Ljubljana: [A. Bejtullahu], 2006. II, 125 f., ilustr. [COBISS.SI-ID 32197730]<\/p>\n<p>&nbsp;<\/p>\n","protected":false},"excerpt":{"rendered":"<p>Dr. Alma Bejtullahu raziskuje glasbo manj\u0161in, predvsem v Sloveniji, pri tem se ukvarja z vpra\u0161anji, ki niso zna\u010dilne za institucionalno etnomuzikologijo. V doktorski disertaciji se je poglobila v reprezentacijah \u017eensk, pripadnic manj\u0161in, in njihovem glasbenem in plesnem delovanju med \u00bbmanj\u0161inskostjo\u00ab in \u00bbve\u010dino\u00ab. Njen vpogled v glasbenem svetu manj\u0161in ji omogo\u010da pristop \u00bbod spodaj\u00ab pri obravnavanju &hellip; <\/p>\n<p class=\"link-more\"><a href=\"http:\/\/muzikologijaff.si\/rgs\/alma-bejtullahu\/\" class=\"more-link\">Preberi ve\u010d<span class=\"screen-reader-text\"> &#8220;Alma Bejtullahu&#8221;<\/span><\/a><\/p>\n","protected":false},"author":1,"featured_media":0,"parent":0,"menu_order":0,"comment_status":"closed","ping_status":"closed","template":"","meta":{"ngg_post_thumbnail":0,"footnotes":""},"class_list":["post-75","page","type-page","status-publish","hentry"],"_links":{"self":[{"href":"http:\/\/muzikologijaff.si\/rgs\/wp-json\/wp\/v2\/pages\/75","targetHints":{"allow":["GET"]}}],"collection":[{"href":"http:\/\/muzikologijaff.si\/rgs\/wp-json\/wp\/v2\/pages"}],"about":[{"href":"http:\/\/muzikologijaff.si\/rgs\/wp-json\/wp\/v2\/types\/page"}],"author":[{"embeddable":true,"href":"http:\/\/muzikologijaff.si\/rgs\/wp-json\/wp\/v2\/users\/1"}],"replies":[{"embeddable":true,"href":"http:\/\/muzikologijaff.si\/rgs\/wp-json\/wp\/v2\/comments?post=75"}],"version-history":[{"count":1,"href":"http:\/\/muzikologijaff.si\/rgs\/wp-json\/wp\/v2\/pages\/75\/revisions"}],"predecessor-version":[{"id":76,"href":"http:\/\/muzikologijaff.si\/rgs\/wp-json\/wp\/v2\/pages\/75\/revisions\/76"}],"wp:attachment":[{"href":"http:\/\/muzikologijaff.si\/rgs\/wp-json\/wp\/v2\/media?parent=75"}],"curies":[{"name":"wp","href":"https:\/\/api.w.org\/{rel}","templated":true}]}}